{"id":140,"date":"2024-05-22T11:38:24","date_gmt":"2024-05-22T08:38:24","guid":{"rendered":"https:\/\/okservices.ee\/?page_id=140"},"modified":"2024-10-07T13:39:57","modified_gmt":"2024-10-07T10:39:57","slug":"firma-asutamine","status":"publish","type":"page","link":"https:\/\/okservices.ee\/en\/firma-asutamine\/","title":{"rendered":"Establishing company"},"content":{"rendered":"<div data-elementor-type=\"wp-page\" data-elementor-id=\"140\" class=\"elementor elementor-140\" data-elementor-post-type=\"page\">\n\t\t\t\t\t\t<section class=\"elementor-section elementor-top-section elementor-element elementor-element-13ebaeb4 elementor-section-height-min-height elementor-section-boxed elementor-section-height-default elementor-section-items-middle\" data-id=\"13ebaeb4\" data-element_type=\"section\" data-e-type=\"section\" data-settings=\"{&quot;background_background&quot;:&quot;classic&quot;}\">\n\t\t\t\t\t\t<div class=\"elementor-container elementor-column-gap-default\">\n\t\t\t\t\t<div class=\"elementor-column elementor-col-100 elementor-top-column elementor-element elementor-element-4e95bfc3\" data-id=\"4e95bfc3\" data-element_type=\"column\" data-e-type=\"column\">\n\t\t\t<div class=\"elementor-widget-wrap\">\n\t\t\t\t\t\t\t<\/div>\n\t\t<\/div>\n\t\t\t\t\t<\/div>\n\t\t<\/section>\n\t\t\t\t<section class=\"elementor-section elementor-top-section elementor-element elementor-element-670e9488 elementor-section-boxed elementor-section-height-default elementor-section-height-default\" data-id=\"670e9488\" data-element_type=\"section\" data-e-type=\"section\" data-settings=\"{&quot;background_background&quot;:&quot;classic&quot;}\">\n\t\t\t\t\t\t<div class=\"elementor-container elementor-column-gap-default\">\n\t\t\t\t\t<div class=\"elementor-column elementor-col-33 elementor-top-column elementor-element elementor-element-29f2902f\" data-id=\"29f2902f\" data-element_type=\"column\" data-e-type=\"column\">\n\t\t\t<div class=\"elementor-widget-wrap\">\n\t\t\t\t\t\t\t<\/div>\n\t\t<\/div>\n\t\t\t\t<div class=\"elementor-column elementor-col-33 elementor-top-column elementor-element elementor-element-29ecdec9 elementor-invisible\" data-id=\"29ecdec9\" data-element_type=\"column\" data-e-type=\"column\" data-settings=\"{&quot;background_background&quot;:&quot;classic&quot;,&quot;animation&quot;:&quot;slideInLeft&quot;}\">\n\t\t\t<div class=\"elementor-widget-wrap elementor-element-populated\">\n\t\t\t\t\t\t<div class=\"elementor-element elementor-element-7cfaa1b7 elementor-widget elementor-widget-heading\" data-id=\"7cfaa1b7\" data-element_type=\"widget\" data-e-type=\"widget\" data-widget_type=\"heading.default\">\n\t\t\t\t<div class=\"elementor-widget-container\">\n\t\t\t\t\t<h2 class=\"elementor-heading-title elementor-size-default\">Establishing company<\/h2>\t\t\t\t<\/div>\n\t\t\t\t<\/div>\n\t\t\t\t\t<\/div>\n\t\t<\/div>\n\t\t\t\t<div class=\"elementor-column elementor-col-33 elementor-top-column elementor-element elementor-element-4cdb1c66\" data-id=\"4cdb1c66\" data-element_type=\"column\" data-e-type=\"column\">\n\t\t\t<div class=\"elementor-widget-wrap\">\n\t\t\t\t\t\t\t<\/div>\n\t\t<\/div>\n\t\t\t\t\t<\/div>\n\t\t<\/section>\n\t\t\t\t<section class=\"elementor-section elementor-top-section elementor-element elementor-element-76f247f6 elementor-section-boxed elementor-section-height-default elementor-section-height-default\" data-id=\"76f247f6\" data-element_type=\"section\" data-e-type=\"section\">\n\t\t\t\t\t\t<div class=\"elementor-container elementor-column-gap-default\">\n\t\t\t\t\t<div class=\"elementor-column elementor-col-50 elementor-top-column elementor-element elementor-element-1956749a\" data-id=\"1956749a\" data-element_type=\"column\" data-e-type=\"column\">\n\t\t\t<div class=\"elementor-widget-wrap elementor-element-populated\">\n\t\t\t\t\t\t<div class=\"elementor-element elementor-element-717ba52b elementor-widget-divider--view-line elementor-widget elementor-widget-divider\" data-id=\"717ba52b\" data-element_type=\"widget\" data-e-type=\"widget\" data-widget_type=\"divider.default\">\n\t\t\t\t<div class=\"elementor-widget-container\">\n\t\t\t\t\t\t\t<div class=\"elementor-divider\">\n\t\t\t<span class=\"elementor-divider-separator\">\n\t\t\t\t\t\t<\/span>\n\t\t<\/div>\n\t\t\t\t\t\t<\/div>\n\t\t\t\t<\/div>\n\t\t\t\t\t<\/div>\n\t\t<\/div>\n\t\t\t\t<div class=\"elementor-column elementor-col-50 elementor-top-column elementor-element elementor-element-d0c2924\" data-id=\"d0c2924\" data-element_type=\"column\" data-e-type=\"column\">\n\t\t\t<div class=\"elementor-widget-wrap elementor-element-populated\">\n\t\t\t\t\t\t<div class=\"elementor-element elementor-element-2c3f7c6d elementor-widget__width-initial elementor-widget elementor-widget-text-editor\" data-id=\"2c3f7c6d\" data-element_type=\"widget\" data-e-type=\"widget\" data-widget_type=\"text-editor.default\">\n\t\t\t\t<div class=\"elementor-widget-container\">\n\t\t\t\t\t\t\t\t\t<p>Establishing company <br \/>We provide service of opening a company in Estonia. We can assist you with establishing a company in Estonia online or at notary office.<\/p><p>For prices please follow the link.<\/p><p>Tutorial  (COMING SOON)<\/p><p>If you are already having an Estonian ID card or Estonian E-residency card or Latvian, Belgium or Finnish ID, you may open a company yourself. We have prepared a tutorial video for you with all needed sample documents, please follow the link (COMING SOON).<\/p><p>Why to establish a company in Estonia?<br \/>+ European company<\/p><p>+ No annual income tax (income tax paid on profit<\/p><p>distribution)<\/p><p>+ Less bureaucracy<\/p><p>+ Easy online establishing system, 100% online accountancy,<\/p><p>online declarations and online commercial register<\/p><p>- There might be difficulties with opening a bank account if company's business is not related to Estonia<\/p><p>For information regarding e-residency please follow the link<\/p><p>\u200b<\/p>\t\t\t\t\t\t\t\t<\/div>\n\t\t\t\t<\/div>\n\t\t\t\t<div class=\"elementor-element elementor-element-7dfccd65 elementor-widget elementor-widget-spacer\" data-id=\"7dfccd65\" data-element_type=\"widget\" data-e-type=\"widget\" data-widget_type=\"spacer.default\">\n\t\t\t\t<div class=\"elementor-widget-container\">\n\t\t\t\t\t\t\t<div class=\"elementor-spacer\">\n\t\t\t<div class=\"elementor-spacer-inner\"><\/div>\n\t\t<\/div>\n\t\t\t\t\t\t<\/div>\n\t\t\t\t<\/div>\n\t\t\t\t\t<\/div>\n\t\t<\/div>\n\t\t\t\t\t<\/div>\n\t\t<\/section>\n\t\t\t\t<\/div>","protected":false},"excerpt":{"rendered":"<p>Firma asutamine Firma asutamine Pakume ettev\u00f5tte asutamise teenust Eestis. Aitame Teid ettev\u00f5tte asutamisel interneti teel v\u00f5i notarib\u00fcroos. \u200bHinnakirja osas saab rohkem infot siit. \u200bTutorial (VARSTI TULEKUL) Kui teil on juba Eesti ID-kaart v\u00f5i Eesti E-residentsuse kaart v\u00f5i L\u00e4ti, Belgia v\u00f5i Soome ID-kaart, saate ettev\u00f5tet ise avada. Oleme teile koostanud \u00f5ppevideo koos k\u00f5igi vajalike n\u00e4idisdokumentidega, j\u00e4rgige [&hellip;]<\/p>\n","protected":false},"author":1,"featured_media":0,"parent":0,"menu_order":0,"comment_status":"closed","ping_status":"closed","template":"elementor_header_footer","meta":{"footnotes":""},"class_list":["post-140","page","type-page","status-publish","hentry"],"_links":{"self":[{"href":"https:\/\/okservices.ee\/en\/wp-json\/wp\/v2\/pages\/140","targetHints":{"allow":["GET"]}}],"collection":[{"href":"https:\/\/okservices.ee\/en\/wp-json\/wp\/v2\/pages"}],"about":[{"href":"https:\/\/okservices.ee\/en\/wp-json\/wp\/v2\/types\/page"}],"author":[{"embeddable":true,"href":"https:\/\/okservices.ee\/en\/wp-json\/wp\/v2\/users\/1"}],"replies":[{"embeddable":true,"href":"https:\/\/okservices.ee\/en\/wp-json\/wp\/v2\/comments?post=140"}],"version-history":[{"count":0,"href":"https:\/\/okservices.ee\/en\/wp-json\/wp\/v2\/pages\/140\/revisions"}],"wp:attachment":[{"href":"https:\/\/okservices.ee\/en\/wp-json\/wp\/v2\/media?parent=140"}],"curies":[{"name":"wp","href":"https:\/\/api.w.org\/{rel}","templated":true}]}}