{"id":142,"date":"2024-05-22T11:38:38","date_gmt":"2024-05-22T08:38:38","guid":{"rendered":"https:\/\/okservices.ee\/?page_id=142"},"modified":"2024-12-21T12:56:50","modified_gmt":"2024-12-21T10:56:50","slug":"e-residentsus","status":"publish","type":"page","link":"https:\/\/okservices.ee\/en\/e-residentsus\/","title":{"rendered":"E-residency"},"content":{"rendered":"<div data-elementor-type=\"wp-page\" data-elementor-id=\"142\" class=\"elementor elementor-142\" data-elementor-post-type=\"page\">\n\t\t\t\t\t\t<section class=\"elementor-section elementor-top-section elementor-element elementor-element-12712638 elementor-section-height-min-height elementor-section-boxed elementor-section-height-default elementor-section-items-middle\" data-id=\"12712638\" data-element_type=\"section\" data-e-type=\"section\" data-settings=\"{&quot;background_background&quot;:&quot;classic&quot;}\">\n\t\t\t\t\t\t<div class=\"elementor-container elementor-column-gap-default\">\n\t\t\t\t\t<div class=\"elementor-column elementor-col-100 elementor-top-column elementor-element elementor-element-24f6d622\" data-id=\"24f6d622\" data-element_type=\"column\" data-e-type=\"column\">\n\t\t\t<div class=\"elementor-widget-wrap\">\n\t\t\t\t\t\t\t<\/div>\n\t\t<\/div>\n\t\t\t\t\t<\/div>\n\t\t<\/section>\n\t\t\t\t<section class=\"elementor-section elementor-top-section elementor-element elementor-element-6007541d elementor-section-boxed elementor-section-height-default elementor-section-height-default\" data-id=\"6007541d\" data-element_type=\"section\" data-e-type=\"section\" data-settings=\"{&quot;background_background&quot;:&quot;classic&quot;}\">\n\t\t\t\t\t\t<div class=\"elementor-container elementor-column-gap-default\">\n\t\t\t\t\t<div class=\"elementor-column elementor-col-33 elementor-top-column elementor-element elementor-element-3292c6a3\" data-id=\"3292c6a3\" data-element_type=\"column\" data-e-type=\"column\">\n\t\t\t<div class=\"elementor-widget-wrap\">\n\t\t\t\t\t\t\t<\/div>\n\t\t<\/div>\n\t\t\t\t<div class=\"elementor-column elementor-col-33 elementor-top-column elementor-element elementor-element-17af3abc elementor-invisible\" data-id=\"17af3abc\" data-element_type=\"column\" data-e-type=\"column\" data-settings=\"{&quot;background_background&quot;:&quot;classic&quot;,&quot;animation&quot;:&quot;slideInLeft&quot;}\">\n\t\t\t<div class=\"elementor-widget-wrap elementor-element-populated\">\n\t\t\t\t\t\t<div class=\"elementor-element elementor-element-f5744f elementor-widget elementor-widget-heading\" data-id=\"f5744f\" data-element_type=\"widget\" data-e-type=\"widget\" data-widget_type=\"heading.default\">\n\t\t\t\t<div class=\"elementor-widget-container\">\n\t\t\t\t\t<h2 class=\"elementor-heading-title elementor-size-default\">E-residency<\/h2>\t\t\t\t<\/div>\n\t\t\t\t<\/div>\n\t\t\t\t\t<\/div>\n\t\t<\/div>\n\t\t\t\t<div class=\"elementor-column elementor-col-33 elementor-top-column elementor-element elementor-element-69639b7d\" data-id=\"69639b7d\" data-element_type=\"column\" data-e-type=\"column\">\n\t\t\t<div class=\"elementor-widget-wrap\">\n\t\t\t\t\t\t\t<\/div>\n\t\t<\/div>\n\t\t\t\t\t<\/div>\n\t\t<\/section>\n\t\t\t\t<section class=\"elementor-section elementor-top-section elementor-element elementor-element-5f80b1af elementor-section-boxed elementor-section-height-default elementor-section-height-default\" data-id=\"5f80b1af\" data-element_type=\"section\" data-e-type=\"section\">\n\t\t\t\t\t\t<div class=\"elementor-container elementor-column-gap-default\">\n\t\t\t\t\t<div class=\"elementor-column elementor-col-50 elementor-top-column elementor-element elementor-element-28395537\" data-id=\"28395537\" data-element_type=\"column\" data-e-type=\"column\">\n\t\t\t<div class=\"elementor-widget-wrap elementor-element-populated\">\n\t\t\t\t\t\t<div class=\"elementor-element elementor-element-34474447 elementor-widget-divider--view-line elementor-widget elementor-widget-divider\" data-id=\"34474447\" data-element_type=\"widget\" data-e-type=\"widget\" data-widget_type=\"divider.default\">\n\t\t\t\t<div class=\"elementor-widget-container\">\n\t\t\t\t\t\t\t<div class=\"elementor-divider\">\n\t\t\t<span class=\"elementor-divider-separator\">\n\t\t\t\t\t\t<\/span>\n\t\t<\/div>\n\t\t\t\t\t\t<\/div>\n\t\t\t\t<\/div>\n\t\t\t\t\t<\/div>\n\t\t<\/div>\n\t\t\t\t<div class=\"elementor-column elementor-col-50 elementor-top-column elementor-element elementor-element-56d3626b\" data-id=\"56d3626b\" data-element_type=\"column\" data-e-type=\"column\">\n\t\t\t<div class=\"elementor-widget-wrap elementor-element-populated\">\n\t\t\t\t\t\t<div class=\"elementor-element elementor-element-3fe44dce elementor-widget__width-initial elementor-widget elementor-widget-text-editor\" data-id=\"3fe44dce\" data-element_type=\"widget\" data-e-type=\"widget\" data-widget_type=\"text-editor.default\">\n\t\t\t\t<div class=\"elementor-widget-container\">\n\t\t\t\t\t\t\t\t\t<div class=\"\" data-mesh-id=\"comp-j8307lxbinlineContent\" data-testid=\"inline-content\"><div data-mesh-id=\"comp-j8307lxbinlineContent-gridContainer\" data-testid=\"mesh-container-content\"><div id=\"comp-j83083h6\" class=\"KaEeLN comp-j83083h6\"><div class=\"\" data-mesh-id=\"comp-j83083h6inlineContent\" data-testid=\"inline-content\"><div data-mesh-id=\"comp-j83083h6inlineContent-gridContainer\" data-testid=\"mesh-container-content\"><div id=\"comp-j83083hx\" class=\"KaEeLN comp-j83083hx\" data-motion-enter=\"done\"><div class=\"\" data-mesh-id=\"comp-j83083hxinlineContent\" data-testid=\"inline-content\"><div data-mesh-id=\"comp-j83083hxinlineContent-gridContainer\" data-testid=\"mesh-container-content\"><div id=\"comp-j83083i0\" class=\"HcOXKn c9GqVL QxJLC3 comp-j83083i0 wixui-rich-text\" data-testid=\"richTextElement\">We can assist<span class=\"wixui-rich-text__text\">you with submitting e-residency form, consult regarding e-residency and possibilities for business in Estonia. Our prices can be found <a class=\"wixui-rich-text__text\" href=\"https:\/\/okservices.ee\/en\/hinnakiri-2\/\" target=\"_self\">here<\/a>.<\/span><\/div><div data-testid=\"richTextElement\">\u00a0<\/div><div class=\"HcOXKn c9GqVL QxJLC3 comp-j83083i0 wixui-rich-text\" data-testid=\"richTextElement\"><span class=\"wixui-rich-text__text\"><span class=\"wixGuard wixui-rich-text__text\">\u200b<\/span><\/span>Why e-residency and why Estonia?\u00a0<span class=\"wixui-rich-text__text\">The biggest advantage of having a company in Estonia is taxation<\/span><span class=\"wixui-rich-text__text\"> There is no annual income tax on profit. Income tax shall be paid only if profit distributed (for tax amount see<\/span><span class=\"wixui-rich-text__text\"> <a class=\"wixui-rich-text__text\" href=\"https:\/\/okservices.ee\/en\/ettevotlus-kalkulaator\/\" target=\"_blank\" rel=\"noreferrer noopener\">calculator<\/a><\/span><span class=\"wixui-rich-text__text\">). Please note that income tax liability may occur in other country if your business complies with permanent establishment criteria. Income tax will be not paid double as\u00a0 <\/span><span class=\"wixui-rich-text__text\">Estonia<\/span><span class=\"wixui-rich-text__text\">\u00a0is having double-taxation avoidance conventions with most of countries. \u00a0<\/span><span class=\"wixui-rich-text__text\">Another advantage is paperless and online <\/span><span class=\"wixui-rich-text__text\">environment<\/span><span class=\"wixui-rich-text__text\">\u00a0which is saving much time.<br \/><\/span><span class=\"wixui-rich-text__text\">One of the biggest disadvantages might be impossibility of opening a local bank account (unless your business is connected to Estonia, i.e. having local office, employees, sales transactions etc).<\/span><\/div><div data-testid=\"richTextElement\">\u00a0<\/div><div class=\"HcOXKn c9GqVL QxJLC3 comp-j83083i0 wixui-rich-text\" data-testid=\"richTextElement\"><span class=\"wixui-rich-text__text\"><span class=\"wixGuard wixui-rich-text__text\">\u200b<\/span><\/span>Documents needed in order to become an e-resident you will need:<\/div><\/div><\/div><\/div><\/div><\/div><\/div><div id=\"comp-j83083h8\" class=\"HcOXKn c9GqVL QxJLC3 comp-j83083h8 wixui-rich-text\" data-testid=\"richTextElement\"><ul class=\"font_8 wixui-rich-text__text\"><li class=\"wixui-rich-text__text\">A copy of your government-issued ID<\/li><li class=\"wixui-rich-text__text\">A passport-style digital photo<\/li><li class=\"wixui-rich-text__text\">Motivation statement<\/li><\/ul><p><span class=\"wixGuard wixui-rich-text__text\">\u200b<\/span>Fees<\/p><p>Pay state fee and receive confirmation email after successfully submitting.\n\nState fee: \u20ac100 (pick-up in Estonia) or \u20ac120 (pick-up abroad).<\/p><p>OKS fees- <span class=\"wixui-rich-text__text\"><a class=\"wixui-rich-text__text\" href=\"https:\/\/okservices.ee\/en\/hinnakiri-2\/\" target=\"_self\">here<\/a><\/span>.<span class=\"wixGuard wixui-rich-text__text\">\u200b<\/span><\/p><p>Estonian Police &amp; Border Guard Board conducts background check and will notify you by email when process is complete. Process: 3-8 weeks.<span class=\"wixGuard wixui-rich-text__text\">\u200b<\/span>If granted e-Residency, you will be invited to:<\/p><ul class=\"font_8 wixui-rich-text__text\"><li class=\"wixui-rich-text__text\">Collect e-Residency kit at location selected on your application<\/li><li class=\"wixui-rich-text__text\">Bring government-issued ID submitted with application<\/li><li class=\"wixui-rich-text__text\">Submit fingerprints<\/li><\/ul><p><span class=\"wixGuard wixui-rich-text__text\"><br \/>\u200b<\/span>Application<\/p><p>For application follow this <span class=\"wixui-rich-text__text\"><a class=\"wixui-rich-text__text\" href=\"https:\/\/eresident.politsei.ee\/?promo-code=1914128606.1620025892\" target=\"_blank\" rel=\"noreferrer noopener\">link<\/a><\/span>. If you would like us to assist you in this matter, please <span class=\"wixui-rich-text__text\"><a class=\"wixui-rich-text__text\" href=\"#votauhendust\" target=\"_self\" data-anchor=\"SCROLL_TO_BOTTOM\">contact us<\/a><\/span>. OK fees- <span class=\"wixui-rich-text__text\"><a class=\"wixui-rich-text__text\" href=\"https:\/\/www.okservices.ee\/en\/pricing\" target=\"_self\">here<\/a><\/span>\u200b.<span class=\"wixGuard wixui-rich-text__text\">\u200b<\/span><\/p><p>Establish a company<\/p><p>After picking up your e-Residency kit, you will be able to start you company. We have prepared <span class=\"wixui-rich-text__text\"><a class=\"wixui-rich-text__text\" href=\"https:\/\/okservices.ee\/en\/e-kursused\/\" target=\"_self\">online tutorial video <\/a><\/span>on how to establish a company online with all needed document samples<\/p><p>For more information see <span class=\"wixui-rich-text__text\"><a class=\"wixui-rich-text__text\" href=\"https:\/\/okservices.ee\/en\/e-kursused\/\" target=\"_self\">here<\/a><\/span>.\u00a0<span class=\"wixGuard wixui-rich-text__text\">\u200b<\/span>If you would like to have a personal assistance with company establishments, please <span class=\"wixui-rich-text__text\"><a class=\"wixui-rich-text__text\" href=\"#votauhendust\" target=\"_self\" data-anchor=\"SCROLL_TO_BOTTOM\">contact us<\/a><\/span>.<\/p><p>Our fees can be found\u00a0<span class=\"wixui-rich-text__text\"><a class=\"wixui-rich-text__text\" href=\"https:\/\/okservices.ee\/en\/hinnakiri-2\/\" target=\"_self\">here<\/a><\/span>\u200b.<\/p><\/div><\/div><\/div>\t\t\t\t\t\t\t\t<\/div>\n\t\t\t\t<\/div>\n\t\t\t\t<div class=\"elementor-element elementor-element-1b6cb19d elementor-widget elementor-widget-spacer\" data-id=\"1b6cb19d\" data-element_type=\"widget\" data-e-type=\"widget\" data-widget_type=\"spacer.default\">\n\t\t\t\t<div class=\"elementor-widget-container\">\n\t\t\t\t\t\t\t<div class=\"elementor-spacer\">\n\t\t\t<div class=\"elementor-spacer-inner\"><\/div>\n\t\t<\/div>\n\t\t\t\t\t\t<\/div>\n\t\t\t\t<\/div>\n\t\t\t\t\t<\/div>\n\t\t<\/div>\n\t\t\t\t\t<\/div>\n\t\t<\/section>\n\t\t\t\t<\/div>","protected":false},"excerpt":{"rendered":"<p>E-residentsus Me saame aidata e-residentsuse vormi esitamisel, konsulteerime e-residentsuse ja ettev\u00f5tlusv\u00f5imaluste osas Eestis. Meie hinnad on leitavad siin.\u00a0\u200bMiks e-residentsus ja miks Eesti?\u00a0Eestis ettev\u00f5tte omamise suurim eelis on maksustamine. Aastane tulumaks kasumilt puudub. Tulumaksu tasutakse ainult kasumi jaotamisel (maksusumma vt kalkulaator). Pange t\u00e4hele, et kui teie ettev\u00f5te vastab p\u00fcsiva tegevuskoha kriteeriumidele, v\u00f5ib teises riigis tekkida tulumaksukohustus. [&hellip;]<\/p>\n","protected":false},"author":1,"featured_media":0,"parent":0,"menu_order":0,"comment_status":"closed","ping_status":"closed","template":"elementor_header_footer","meta":{"footnotes":""},"class_list":["post-142","page","type-page","status-publish","hentry"],"_links":{"self":[{"href":"https:\/\/okservices.ee\/en\/wp-json\/wp\/v2\/pages\/142","targetHints":{"allow":["GET"]}}],"collection":[{"href":"https:\/\/okservices.ee\/en\/wp-json\/wp\/v2\/pages"}],"about":[{"href":"https:\/\/okservices.ee\/en\/wp-json\/wp\/v2\/types\/page"}],"author":[{"embeddable":true,"href":"https:\/\/okservices.ee\/en\/wp-json\/wp\/v2\/users\/1"}],"replies":[{"embeddable":true,"href":"https:\/\/okservices.ee\/en\/wp-json\/wp\/v2\/comments?post=142"}],"version-history":[{"count":1,"href":"https:\/\/okservices.ee\/en\/wp-json\/wp\/v2\/pages\/142\/revisions"}],"predecessor-version":[{"id":3205,"href":"https:\/\/okservices.ee\/en\/wp-json\/wp\/v2\/pages\/142\/revisions\/3205"}],"wp:attachment":[{"href":"https:\/\/okservices.ee\/en\/wp-json\/wp\/v2\/media?parent=142"}],"curies":[{"name":"wp","href":"https:\/\/api.w.org\/{rel}","templated":true}]}}