{"id":136,"date":"2024-05-22T11:37:54","date_gmt":"2024-05-22T08:37:54","guid":{"rendered":"https:\/\/okservices.ee\/?page_id=136"},"modified":"2024-12-21T12:51:39","modified_gmt":"2024-12-21T10:51:39","slug":"raamatupidamine","status":"publish","type":"page","link":"https:\/\/okservices.ee\/ru\/raamatupidamine\/","title":{"rendered":"\u0411\u0443\u0445\u0433\u0430\u043b\u0442\u0435\u0440\u0438\u044f"},"content":{"rendered":"<div data-elementor-type=\"wp-page\" data-elementor-id=\"136\" class=\"elementor elementor-136\" data-elementor-post-type=\"page\">\n\t\t\t\t\t\t<section class=\"elementor-section elementor-top-section elementor-element elementor-element-2bb7d4ba elementor-section-height-min-height elementor-section-boxed elementor-section-height-default elementor-section-items-middle\" data-id=\"2bb7d4ba\" data-element_type=\"section\" data-e-type=\"section\" data-settings=\"{&quot;background_background&quot;:&quot;classic&quot;}\">\n\t\t\t\t\t\t<div class=\"elementor-container elementor-column-gap-default\">\n\t\t\t\t\t<div class=\"elementor-column elementor-col-100 elementor-top-column elementor-element elementor-element-3461b327\" data-id=\"3461b327\" data-element_type=\"column\" data-e-type=\"column\">\n\t\t\t<div class=\"elementor-widget-wrap\">\n\t\t\t\t\t\t\t<\/div>\n\t\t<\/div>\n\t\t\t\t\t<\/div>\n\t\t<\/section>\n\t\t\t\t<section class=\"elementor-section elementor-top-section elementor-element elementor-element-5e3acf88 elementor-section-boxed elementor-section-height-default elementor-section-height-default\" data-id=\"5e3acf88\" data-element_type=\"section\" data-e-type=\"section\" data-settings=\"{&quot;background_background&quot;:&quot;classic&quot;}\">\n\t\t\t\t\t\t<div class=\"elementor-container elementor-column-gap-default\">\n\t\t\t\t\t<div class=\"elementor-column elementor-col-33 elementor-top-column elementor-element elementor-element-726017b2\" data-id=\"726017b2\" data-element_type=\"column\" data-e-type=\"column\">\n\t\t\t<div class=\"elementor-widget-wrap\">\n\t\t\t\t\t\t\t<\/div>\n\t\t<\/div>\n\t\t\t\t<div class=\"elementor-column elementor-col-33 elementor-top-column elementor-element elementor-element-6d74e7d2 elementor-invisible\" data-id=\"6d74e7d2\" data-element_type=\"column\" data-e-type=\"column\" data-settings=\"{&quot;background_background&quot;:&quot;classic&quot;,&quot;animation&quot;:&quot;slideInLeft&quot;}\">\n\t\t\t<div class=\"elementor-widget-wrap elementor-element-populated\">\n\t\t\t\t\t\t<div class=\"elementor-element elementor-element-2206046f elementor-widget elementor-widget-heading\" data-id=\"2206046f\" data-element_type=\"widget\" data-e-type=\"widget\" data-widget_type=\"heading.default\">\n\t\t\t\t<div class=\"elementor-widget-container\">\n\t\t\t\t\t<h2 class=\"elementor-heading-title elementor-size-default\">\u0411\u0443\u0445\u0433\u0430\u043b\u0442\u0435\u0440\u0438\u044f<\/h2>\t\t\t\t<\/div>\n\t\t\t\t<\/div>\n\t\t\t\t\t<\/div>\n\t\t<\/div>\n\t\t\t\t<div class=\"elementor-column elementor-col-33 elementor-top-column elementor-element elementor-element-18677695\" data-id=\"18677695\" data-element_type=\"column\" data-e-type=\"column\">\n\t\t\t<div class=\"elementor-widget-wrap\">\n\t\t\t\t\t\t\t<\/div>\n\t\t<\/div>\n\t\t\t\t\t<\/div>\n\t\t<\/section>\n\t\t\t\t<section class=\"elementor-section elementor-top-section elementor-element elementor-element-3956b43a elementor-section-boxed elementor-section-height-default elementor-section-height-default\" data-id=\"3956b43a\" data-element_type=\"section\" data-e-type=\"section\">\n\t\t\t\t\t\t<div class=\"elementor-container elementor-column-gap-default\">\n\t\t\t\t\t<div class=\"elementor-column elementor-col-50 elementor-top-column elementor-element elementor-element-55966b46\" data-id=\"55966b46\" data-element_type=\"column\" data-e-type=\"column\">\n\t\t\t<div class=\"elementor-widget-wrap elementor-element-populated\">\n\t\t\t\t\t\t<div class=\"elementor-element elementor-element-75b5bfcd elementor-widget-divider--view-line elementor-widget elementor-widget-divider\" data-id=\"75b5bfcd\" data-element_type=\"widget\" data-e-type=\"widget\" data-widget_type=\"divider.default\">\n\t\t\t\t<div class=\"elementor-widget-container\">\n\t\t\t\t\t\t\t<div class=\"elementor-divider\">\n\t\t\t<span class=\"elementor-divider-separator\">\n\t\t\t\t\t\t<\/span>\n\t\t<\/div>\n\t\t\t\t\t\t<\/div>\n\t\t\t\t<\/div>\n\t\t\t\t\t<\/div>\n\t\t<\/div>\n\t\t\t\t<div class=\"elementor-column elementor-col-50 elementor-top-column elementor-element elementor-element-5b550172\" data-id=\"5b550172\" data-element_type=\"column\" data-e-type=\"column\">\n\t\t\t<div class=\"elementor-widget-wrap elementor-element-populated\">\n\t\t\t\t\t\t<div class=\"elementor-element elementor-element-79857669 elementor-widget__width-initial elementor-widget elementor-widget-text-editor\" data-id=\"79857669\" data-element_type=\"widget\" data-e-type=\"widget\" data-widget_type=\"text-editor.default\">\n\t\t\t\t<div class=\"elementor-widget-container\">\n\t\t\t\t\t\t\t\t\t<div id=\"bgLayers_comp-j82ztw1d\" class=\"MW5IWV\" data-hook=\"bgLayers\" data-motion-part=\"BG_LAYER\">\u041c\u044b \u043f\u0440\u0435\u0434\u043e\u0441\u0442\u0430\u0432\u043b\u044f\u0435\u043c \u0431\u0443\u0445\u0433\u0430\u043b\u0442\u0435\u0440\u0441\u043a\u0438\u0435 \u0443\u0441\u043b\u0443\u0433\u0438 \u0434\u043b\u044f \u043c\u0438\u043a\u0440\u043e, \u043c\u0430\u043b\u044b\u0445 \u0438 \u0441\u0440\u0435\u0434\u043d\u0438\u0445 \u043f\u0440\u0435\u0434\u043f\u0440\u0438\u044f\u0442\u0438\u0439. \u041d\u0430\u0448\u0435 \u0441\u043e\u0442\u0440\u0443\u0434\u043d\u0438\u0447\u0435\u0441\u0442\u0432\u043e \u0431\u0443\u0434\u0435\u0442 \u043f\u0440\u043e\u0438\u0441\u0445\u043e\u0434\u0438\u0442\u044c \u0434\u0438\u0441\u0442\u0430\u043d\u0446\u0438\u043e\u043d\u043d\u043e, \u0430 \u0434\u043e\u043a\u0443\u043c\u0435\u043d\u0442\u044b \u0431\u0443\u0434\u0443\u0442 \u043e\u0431\u043c\u0435\u043d\u0438\u0432\u0430\u0442\u044c\u0441\u044f <span class=\"wixui-rich-text__text\">\u043e\u043d\u043b\u0430\u0439\u043d.<\/span>\u00a0\u041c\u044b \u0441\u0442\u0430\u0440\u0430\u0435\u043c\u0441\u044f \u0438\u0441\u043f\u043e\u043b\u044c\u0437\u043e\u0432\u0430\u0442\u044c \u0441\u0430\u043c\u043e\u0435 \u0441\u043e\u0432\u0440\u0435\u043c\u0435\u043d\u043d\u043e\u0435 \u043f\u0440\u043e\u0433\u0440\u0430\u043c\u043c\u043d\u043e\u0435 \u043e\u0431\u0435\u0441\u043f\u0435\u0447\u0435\u043d\u0438\u0435 \u0438 \u0430\u0432\u0442\u043e\u043c\u0430\u0442\u0438\u0437\u0438\u0440\u043e\u0432\u0430\u0442\u044c \u0440\u0443\u0442\u0438\u043d\u043d\u044b\u0435 \u043f\u0440\u043e\u0446\u0435\u0434\u0443\u0440\u044b, \u0447\u0442\u043e\u0431\u044b \u0441\u0434\u0435\u043b\u0430\u0442\u044c \u043d\u0430\u0448\u0435 \u0441\u043e\u0442\u0440\u0443\u0434\u043d\u0438\u0447\u0435\u0441\u0442\u0432\u043e \u0431\u043e\u043b\u0435\u0435 \u044d\u0444\u0444\u0435\u043a\u0442\u0438\u0432\u043d\u044b\u043c. \u0412\u044b \u0431\u0443\u0434\u0435\u0442\u0435 \u0438\u043c\u0435\u0442\u044c \u043f\u043e\u043b\u043d\u044b\u0439 \u0434\u043e\u0441\u0442\u0443\u043f \u043a \u0441\u0432\u043e\u0438\u043c \u0444\u0438\u043d\u0430\u043d\u0441\u0430\u043c \u0441 \u0432\u043e\u0437\u043c\u043e\u0436\u043d\u043e\u0441\u0442\u044c\u044e \u043f\u0440\u043e\u0432\u0435\u0440\u043a\u0438 \u043e\u0442\u0447\u0435\u0442\u043e\u0432 \u043e\u043d\u043b\u0430\u0439\u043d.<\/div><div class=\"\" data-mesh-id=\"comp-j82ztw1dinlineContent\" data-testid=\"inline-content\"><div data-mesh-id=\"comp-j82ztw1dinlineContent-gridContainer\" data-testid=\"mesh-container-content\"><div id=\"comp-j82zugn91\" class=\"HcOXKn c9GqVL QxJLC3 comp-j82zugn91 wixui-rich-text\" data-testid=\"richTextElement\"><p class=\"font_8 wixui-rich-text__text\"><span class=\"wixGuard wixui-rich-text__text\">\u200b<\/span><\/p><p class=\"font_8 wixui-rich-text__text\">\u041c\u044b \u0432\u044b\u043f\u043e\u043b\u043d\u044f\u0435\u043c \u0441\u043b\u0435\u0434\u0443\u044e\u0449\u0438\u0435 \u0435\u0436\u0435\u0434\u043d\u0435\u0432\u043d\u044b\u0435 \u0437\u0430\u0434\u0430\u0447\u0438, \u0441\u0432\u044f\u0437\u0430\u043d\u043d\u044b\u0435 \u0441 \u0431\u0443\u0445\u0433\u0430\u043b\u0442\u0435\u0440\u0441\u043a\u0438\u043c \u0443\u0447\u0435\u0442\u043e\u043c:<\/p><ul class=\"font_8 wixui-rich-text__text\"><li class=\"wixui-rich-text__text\"><p class=\"font_8 wixui-rich-text__text\">\u043e\u043f\u0435\u0440\u0430\u0446\u0438\u0438 \u0441 \u0434\u0435\u043d\u0435\u0436\u043d\u044b\u043c\u0438 \u0441\u0440\u0435\u0434\u0441\u0442\u0432\u0430\u043c\u0438<\/p><\/li><li class=\"wixui-rich-text__text\"><p class=\"font_8 wixui-rich-text__text\">\u0440\u0435\u0433\u0438\u0441\u0442\u0440\u0430\u0446\u0438\u044f \u0441\u0447\u0435\u0442\u043e\u0432-\u0444\u0430\u043a\u0442\u0443\u0440 \u043d\u0430 \u043f\u0440\u043e\u0434\u0430\u0436\u0443 \u0438 \u0441\u0447\u0435\u0442\u043e\u0432-\u0444\u0430\u043a\u0442\u0443\u0440 \u043d\u0430 \u043f\u043e\u043a\u0443\u043f\u043a\u0443<\/p><\/li><li class=\"wixui-rich-text__text\"><p class=\"font_8 wixui-rich-text__text\">\u043e\u043f\u0435\u0440\u0430\u0446\u0438\u0438 \u0441 \u043c\u0430\u0442\u0435\u0440\u0438\u0430\u043b\u044c\u043d\u044b\u043c\u0438 \u0438 \u043d\u0435\u043c\u0430\u0442\u0435\u0440\u0438\u0430\u043b\u044c\u043d\u044b\u043c\u0438 \u0430\u043a\u0442\u0438\u0432\u0430\u043c\u0438, \u0432\u043a\u043b\u044e\u0447\u0430\u044f \u0430\u043c\u043e\u0440\u0442\u0438\u0437\u0430\u0446\u0438\u044e<\/p><\/li><li class=\"wixui-rich-text__text\"><p class=\"font_8 wixui-rich-text__text\">\u0440\u0430\u0441\u0447\u0435\u0442 \u0437\u0430\u0440\u0430\u0431\u043e\u0442\u043d\u043e\u0439 \u043f\u043b\u0430\u0442\u044b<\/p><\/li><li class=\"wixui-rich-text__text\"><p class=\"font_8 wixui-rich-text__text\">\u043e\u043f\u0435\u0440\u0430\u0446\u0438\u0438 \u0441 \u043a\u0440\u0438\u043f\u0442\u043e\u0432\u0430\u043b\u044e\u0442\u043e\u0439<\/p><\/li><li class=\"wixui-rich-text__text\"><p class=\"font_8 wixui-rich-text__text\">\u043e\u043f\u0435\u0440\u0430\u0446\u0438\u0438, \u0441\u0432\u044f\u0437\u0430\u043d\u043d\u044b\u0435 \u0441 \u0442\u043e\u0432\u0430\u0440\u043d\u043e-\u043c\u0430\u0442\u0435\u0440\u0438\u0430\u043b\u044c\u043d\u044b\u043c\u0438 \u0437\u0430\u043f\u0430\u0441\u0430\u043c\u0438 (\u0440\u043e\u0437\u043d\u0438\u0447\u043d\u0430\u044f \u0438 \u043e\u043f\u0442\u043e\u0432\u0430\u044f \u0442\u043e\u0440\u0433\u043e\u0432\u043b\u044f)<\/p><\/li><li class=\"wixui-rich-text__text\"><p class=\"font_8 wixui-rich-text__text\">\u0441\u0434\u0435\u043b\u043a\u0438, \u0441\u0432\u044f\u0437\u0430\u043d\u043d\u044b\u0435 \u0441 \u0430\u043a\u0446\u0438\u044f\u043c\u0438 \u0438 \u0438\u043d\u0432\u0435\u0441\u0442\u0438\u0446\u0438\u044f\u043c\u0438<\/p><\/li><li class=\"wixui-rich-text__text\"><p class=\"font_8 wixui-rich-text__text\">\u0441\u0434\u0435\u043b\u043a\u0438, \u0441\u0432\u044f\u0437\u0430\u043d\u043d\u044b\u0435 \u0441 \u043a\u0443\u043f\u043b\u0435\u0439-\u043f\u0440\u043e\u0434\u0430\u0436\u0435\u0439 \u0438\u043b\u0438 \u0441\u0434\u0430\u0447\u0435\u0439 \u0432 \u0430\u0440\u0435\u043d\u0434\u0443 \u043d\u0435\u0434\u0432\u0438\u0436\u0438\u043c\u043e\u0433\u043e \u0438\u043c\u0443\u0449\u0435\u0441\u0442\u0432\u0430<\/p><\/li><li class=\"wixui-rich-text__text\"><p class=\"font_8 wixui-rich-text__text\">\u0443\u0447\u0435\u0442 \u043a\u0440\u0435\u0434\u0438\u0442\u043e\u0432 \u0438 \u043f\u0440\u043e\u0446\u0435\u043d\u0442\u043e\u0432 \u0432 \u0431\u0443\u0445\u0433\u0430\u043b\u0442\u0435\u0440\u0441\u043a\u043e\u043c \u0443\u0447\u0435\u0442\u0435<\/p><\/li><li class=\"wixui-rich-text__text\"><p class=\"font_8 wixui-rich-text__text\">\u043a\u043e\u043d\u0441\u043e\u043b\u0438\u0434\u0430\u0446\u0438\u044f<\/p><\/li><li class=\"wixui-rich-text__text\"><p class=\"font_8 wixui-rich-text__text\">\u0438 \u0442.\u0434<\/p><\/li><\/ul><p class=\"font_8 wixui-rich-text__text\"><span class=\"wixGuard wixui-rich-text__text\">\u200b<\/span>\u041a\u0440\u043e\u043c\u0435 \u0442\u043e\u0433\u043e,\u00a0<span class=\"wixui-rich-text__text\">\u043d\u0430\u043b\u043e\u0433\u043e\u0432\u044b\u0435 \u043e\u043f\u0435\u0440\u0430\u0446\u0438\u0438:<\/span>:<\/p><ul class=\"font_8 wixui-rich-text__text\"><li class=\"wixui-rich-text__text\"><p class=\"font_8 wixui-rich-text__text\">\u043f\u043e\u043b\u0443\u0447\u0435\u043d\u0438\u0435 \u043d\u043e\u043c\u0435\u0440\u0430 KMD, \u043d\u043e\u043c\u0435\u0440\u0430 EORI<\/p><\/li><li class=\"wixui-rich-text__text\"><p class=\"font_8 wixui-rich-text__text\">\u0434\u0435\u043a\u043b\u0430\u0440\u0430\u0446\u0438\u0438 KMD<\/p><\/li><li class=\"wixui-rich-text__text\"><p class=\"font_8 wixui-rich-text__text\">\u0414\u0435\u043a\u043b\u0430\u0440\u0430\u0446\u0438\u0438 TSD<\/p><\/li><li class=\"wixui-rich-text__text\"><p class=\"font_8 wixui-rich-text__text\"><span class=\"wixui-rich-text__text\">\u043d\u0430\u043b\u043e\u0433\u043e\u0432\u044b\u0435 \u043a\u043e\u043d\u0441\u0443\u043b\u044c\u0442\u0430\u0446\u0438\u0438<\/span><\/p><\/li><li class=\"wixui-rich-text__text\"><p class=\"font_8 wixui-rich-text__text\">\u0438 \u0442.\u0434<\/p><\/li><\/ul><p class=\"font_8 wixui-rich-text__text\">\u0412 \u0434\u043e\u043f\u043e\u043b\u043d\u0435\u043d\u0438\u0435 \u043a \u044d\u0442\u043e\u043c\u0443:<\/p><ul class=\"font_8 wixui-rich-text__text\"><li class=\"wixui-rich-text__text\"><p class=\"font_8 wixui-rich-text__text\"><span class=\"wixui-rich-text__text\">\u0443\u0441\u043b\u0443\u0433\u0438 \u0444\u0438\u043d\u0430\u043d\u0441\u043e\u0432\u043e\u0433\u043e \u043a\u043e\u043d\u0442\u0440\u043e\u043b\u0435\u0440\u0430  \u0438 \u043f\u0435\u0440\u0435\u043f\u0440\u043e\u0432\u0435\u0440\u043a\u0438 \u0443\u0436\u0435 \u0438\u043c\u0435\u044e\u0449\u0435\u0433\u043e\u0441\u044f \u0443\u0447\u0435\u0442\u0430<\/span><\/p><\/li><li class=\"wixui-rich-text__text\"><p class=\"font_8 wixui-rich-text__text\"><span class=\"wixui-rich-text__text\">\u0441\u043e\u0442\u0441\u0430\u0432\u043b\u0435\u043d\u0438\u0435 \u0433\u043e\u0434\u043e\u0432\u043e\u0433\u043e \u043e\u0442\u0447\u0435\u0442\u0430<\/span>\u00a0koostamine.<\/p><\/li><\/ul><p class=\"font_8 wixui-rich-text__text\"><span class=\"wixGuard wixui-rich-text__text\">\u200b<\/span><\/p><p class=\"font_8 wixui-rich-text__text\">\u0415\u0441\u043b\u0438 \u0432\u044b \u0436\u0435\u043b\u0430\u0435\u0442\u0435 \u0441\u043e\u0441\u0442\u0430\u0432\u0438\u0442\u044c \u043e\u0442\u0447\u0435\u0442 \u0441\u0430\u043c\u043e\u0441\u0442\u043e\u044f\u0442\u0435\u043b\u044c\u043d\u043e, \u043c\u044b \u043f\u043e\u0434\u0433\u043e\u0442\u043e\u0432\u0438\u043b\u0438 \u0434\u043b\u044f \u0432\u0430\u0441 \u0438\u043d\u0441\u0442\u0440\u0443\u043a\u0446\u0438\u044e (\u0421\u041a\u041e\u0420\u041e).\u00a0<span class=\"wixui-rich-text__text\">videot<\/span>\u00a0(<span class=\"wixui-rich-text__text\">VARSTI TULEMAS<\/span>).<\/p><p class=\"font_8 wixui-rich-text__text\"><span class=\"wixGuard wixui-rich-text__text\">\u200b<\/span><\/p><p class=\"font_8 wixui-rich-text__text\"><span class=\"wixui-rich-text__text\">\u0421 \u0446\u0435\u043d\u0430\u043c\u0438 \u043c\u043e\u0436\u043d\u043e \u043e\u0437\u043d\u0430\u043a\u043e\u043c\u0438\u0442\u0441\u044f\u00a0<a class=\"wixui-rich-text__text\" href=\"https:\/\/okservices.ee\/ru\/hinnakiri-2\/\" target=\"_self\">\u0437\u0434\u0435\u0441\u044c<\/a>.<\/span><\/p><\/div><\/div><\/div>\t\t\t\t\t\t\t\t<\/div>\n\t\t\t\t<\/div>\n\t\t\t\t<div class=\"elementor-element elementor-element-40d4f321 elementor-widget elementor-widget-spacer\" data-id=\"40d4f321\" data-element_type=\"widget\" data-e-type=\"widget\" data-widget_type=\"spacer.default\">\n\t\t\t\t<div class=\"elementor-widget-container\">\n\t\t\t\t\t\t\t<div class=\"elementor-spacer\">\n\t\t\t<div class=\"elementor-spacer-inner\"><\/div>\n\t\t<\/div>\n\t\t\t\t\t\t<\/div>\n\t\t\t\t<\/div>\n\t\t\t\t\t<\/div>\n\t\t<\/div>\n\t\t\t\t\t<\/div>\n\t\t<\/section>\n\t\t\t\t<\/div>","protected":false},"excerpt":{"rendered":"<p>Raamatupidamine Pakume raamatupidamisteenust mikro-, v\u00e4ike- ja keskmise suurusega ettev\u00f5tetele. Meie koost\u00f6\u00f6 hakkab toimuma remote\u00a0ja dokumente vahetame veebis. P\u00fc\u00fcame oma koost\u00f6\u00f6 t\u00f5hustamiseks kasutada uusimat tarkvara ja automatiseerida rutiinseid toiminguid. Teil on t\u00e4ielik juurdep\u00e4\u00e4s oma rahaasjadele koos v\u00f5imalusega aruandeid Internetis kontrollida. \u200b Teostame j\u00e4rgmisi igap\u00e4evaseid raamatupidamisega seotud \u00fclesandeid: sularahaga seotud tehingud m\u00fc\u00fcgi- ja ostuarvete kajastamine materiaalse ja [&hellip;]<\/p>\n","protected":false},"author":1,"featured_media":0,"parent":0,"menu_order":0,"comment_status":"closed","ping_status":"closed","template":"elementor_header_footer","meta":{"footnotes":""},"class_list":["post-136","page","type-page","status-publish","hentry"],"_links":{"self":[{"href":"https:\/\/okservices.ee\/ru\/wp-json\/wp\/v2\/pages\/136","targetHints":{"allow":["GET"]}}],"collection":[{"href":"https:\/\/okservices.ee\/ru\/wp-json\/wp\/v2\/pages"}],"about":[{"href":"https:\/\/okservices.ee\/ru\/wp-json\/wp\/v2\/types\/page"}],"author":[{"embeddable":true,"href":"https:\/\/okservices.ee\/ru\/wp-json\/wp\/v2\/users\/1"}],"replies":[{"embeddable":true,"href":"https:\/\/okservices.ee\/ru\/wp-json\/wp\/v2\/comments?post=136"}],"version-history":[{"count":0,"href":"https:\/\/okservices.ee\/ru\/wp-json\/wp\/v2\/pages\/136\/revisions"}],"wp:attachment":[{"href":"https:\/\/okservices.ee\/ru\/wp-json\/wp\/v2\/media?parent=136"}],"curies":[{"name":"wp","href":"https:\/\/api.w.org\/{rel}","templated":true}]}}