{"id":138,"date":"2024-05-22T11:38:13","date_gmt":"2024-05-22T08:38:13","guid":{"rendered":"https:\/\/okservices.ee\/?page_id=138"},"modified":"2024-12-21T12:53:57","modified_gmt":"2024-12-21T10:53:57","slug":"vorgustiku-loomine","status":"publish","type":"page","link":"https:\/\/okservices.ee\/ru\/vorgustiku-loomine\/","title":{"rendered":"\u041d\u0435\u0442\u0432\u043e\u0440\u043a\u0438\u043d\u0433"},"content":{"rendered":"<div data-elementor-type=\"wp-page\" data-elementor-id=\"138\" class=\"elementor elementor-138\" data-elementor-post-type=\"page\">\n\t\t\t\t\t\t<section class=\"elementor-section elementor-top-section elementor-element elementor-element-2274fc1e elementor-section-height-min-height elementor-section-boxed elementor-section-height-default elementor-section-items-middle\" data-id=\"2274fc1e\" data-element_type=\"section\" data-e-type=\"section\" data-settings=\"{&quot;background_background&quot;:&quot;classic&quot;}\">\n\t\t\t\t\t\t<div class=\"elementor-container elementor-column-gap-default\">\n\t\t\t\t\t<div class=\"elementor-column elementor-col-100 elementor-top-column elementor-element elementor-element-62eec4ed\" data-id=\"62eec4ed\" data-element_type=\"column\" data-e-type=\"column\">\n\t\t\t<div class=\"elementor-widget-wrap\">\n\t\t\t\t\t\t\t<\/div>\n\t\t<\/div>\n\t\t\t\t\t<\/div>\n\t\t<\/section>\n\t\t\t\t<section class=\"elementor-section elementor-top-section elementor-element elementor-element-5c355f2d elementor-section-boxed elementor-section-height-default elementor-section-height-default\" data-id=\"5c355f2d\" data-element_type=\"section\" data-e-type=\"section\" data-settings=\"{&quot;background_background&quot;:&quot;classic&quot;}\">\n\t\t\t\t\t\t<div class=\"elementor-container elementor-column-gap-default\">\n\t\t\t\t\t<div class=\"elementor-column elementor-col-33 elementor-top-column elementor-element elementor-element-35ab54c6\" data-id=\"35ab54c6\" data-element_type=\"column\" data-e-type=\"column\">\n\t\t\t<div class=\"elementor-widget-wrap\">\n\t\t\t\t\t\t\t<\/div>\n\t\t<\/div>\n\t\t\t\t<div class=\"elementor-column elementor-col-33 elementor-top-column elementor-element elementor-element-4483193a elementor-invisible\" data-id=\"4483193a\" data-element_type=\"column\" data-e-type=\"column\" data-settings=\"{&quot;background_background&quot;:&quot;classic&quot;,&quot;animation&quot;:&quot;slideInLeft&quot;}\">\n\t\t\t<div class=\"elementor-widget-wrap elementor-element-populated\">\n\t\t\t\t\t\t<div class=\"elementor-element elementor-element-1ec36b8e elementor-widget elementor-widget-heading\" data-id=\"1ec36b8e\" data-element_type=\"widget\" data-e-type=\"widget\" data-widget_type=\"heading.default\">\n\t\t\t\t<div class=\"elementor-widget-container\">\n\t\t\t\t\t<h2 class=\"elementor-heading-title elementor-size-default\">\u041d\u0435\u0442\u0432\u043e\u0440\u043a\u0438\u043d\u0433<\/h2>\t\t\t\t<\/div>\n\t\t\t\t<\/div>\n\t\t\t\t\t<\/div>\n\t\t<\/div>\n\t\t\t\t<div class=\"elementor-column elementor-col-33 elementor-top-column elementor-element elementor-element-6bac7dd9\" data-id=\"6bac7dd9\" data-element_type=\"column\" data-e-type=\"column\">\n\t\t\t<div class=\"elementor-widget-wrap\">\n\t\t\t\t\t\t\t<\/div>\n\t\t<\/div>\n\t\t\t\t\t<\/div>\n\t\t<\/section>\n\t\t\t\t<section class=\"elementor-section elementor-top-section elementor-element elementor-element-7169d452 elementor-section-boxed elementor-section-height-default elementor-section-height-default\" data-id=\"7169d452\" data-element_type=\"section\" data-e-type=\"section\">\n\t\t\t\t\t\t<div class=\"elementor-container elementor-column-gap-default\">\n\t\t\t\t\t<div class=\"elementor-column elementor-col-50 elementor-top-column elementor-element elementor-element-56cb635c\" data-id=\"56cb635c\" data-element_type=\"column\" data-e-type=\"column\">\n\t\t\t<div class=\"elementor-widget-wrap elementor-element-populated\">\n\t\t\t\t\t\t<div class=\"elementor-element elementor-element-5ed15cdf elementor-widget-divider--view-line elementor-widget elementor-widget-divider\" data-id=\"5ed15cdf\" data-element_type=\"widget\" data-e-type=\"widget\" data-widget_type=\"divider.default\">\n\t\t\t\t<div class=\"elementor-widget-container\">\n\t\t\t\t\t\t\t<div class=\"elementor-divider\">\n\t\t\t<span class=\"elementor-divider-separator\">\n\t\t\t\t\t\t<\/span>\n\t\t<\/div>\n\t\t\t\t\t\t<\/div>\n\t\t\t\t<\/div>\n\t\t\t\t\t<\/div>\n\t\t<\/div>\n\t\t\t\t<div class=\"elementor-column elementor-col-50 elementor-top-column elementor-element elementor-element-400ef882\" data-id=\"400ef882\" data-element_type=\"column\" data-e-type=\"column\">\n\t\t\t<div class=\"elementor-widget-wrap elementor-element-populated\">\n\t\t\t\t\t\t<div class=\"elementor-element elementor-element-4ec7c098 elementor-widget__width-initial elementor-widget elementor-widget-text-editor\" data-id=\"4ec7c098\" data-element_type=\"widget\" data-e-type=\"widget\" data-widget_type=\"text-editor.default\">\n\t\t\t\t<div class=\"elementor-widget-container\">\n\t\t\t\t\t\t\t\t\t<p class=\"font_8 wixui-rich-text__text\"><span class=\"wixui-rich-text__text\">\u041c\u044b \u043f\u0440\u0435\u0434\u043e\u0441\u0442\u0430\u0432\u043b\u044f\u0435\u043c \u0441\u043b\u0435\u0434\u0443\u044e\u0449\u0438\u0435 \u0443\u0441\u043b\u0443\u0433\u0438, \u0441\u0432\u044f\u0437\u0430\u043d\u043d\u044b\u0435 \u0441 \u043d\u0435\u0442\u0432\u043e\u0440\u043a\u0438\u043d\u0433\u043e\u043c:\u00a0<\/span><\/p><ul class=\"font_8 wixui-rich-text__text\"><li class=\"wixui-rich-text__text\"><p class=\"font_8 wixui-rich-text__text\">\u0431\u0430\u0437\u044b \u0434\u0430\u043d\u043d\u044b\u0445 \u043f\u043e\u0442\u0435\u043d\u0446\u0438\u0430\u043b\u044c\u043d\u044b\u0445 \u043f\u043e\u0441\u0442\u0430\u0432\u0449\u0438\u043a\u043e\u0432 \u0438 \u043a\u043b\u0438\u0435\u043d\u0442\u043e\u0432<\/p><\/li><li class=\"wixui-rich-text__text\"><p class=\"font_8 wixui-rich-text__text\">\u0443\u0441\u043b\u0443\u0433\u0438 \u043c\u0435\u043d\u0435\u0434\u0436\u0435\u0440\u0430 \u043f\u043e \u0437\u0430\u043a\u0443\u043f\u043a\u0430\u043c (\u043d\u0430\u043f\u0440\u0438\u043c\u0435\u0440, \u043f\u043e\u0438\u0441\u043a \u043d\u043e\u0432\u044b\u0445 \u043f\u043e\u0441\u0442\u0430\u0432\u0449\u0438\u043a\u043e\u0432, \u043f\u0435\u0440\u0435\u0433\u043e\u0432\u043e\u0440\u044b \u043e \u0446\u0435\u043d\u0430\u0445, \u043f\u0440\u043e\u0432\u0435\u0440\u043a\u0430 \u0434\u043e\u0433\u043e\u0432\u043e\u0440\u0430 \u043f\u0435\u0440\u0435\u0434 \u043f\u043e\u0434\u043f\u0438\u0441\u0430\u043d\u0438\u0435\u043c) \u0438 \u0442. \u0434.<\/p><\/li><li class=\"wixui-rich-text__text\"><p class=\"font_8 wixui-rich-text__text\">\u0443\u0441\u043b\u0443\u0433\u0438 \u043c\u0435\u043d\u0435\u0434\u0436\u0435\u0440\u0430 \u043f\u043e \u043f\u0440\u043e\u0434\u0430\u0436\u0430\u043c (\u043d\u0430\u043f\u0440\u0438\u043c\u0435\u0440, \u043f\u043e\u0438\u0441\u043a \u043d\u043e\u0432\u044b\u0445 \u043a\u043b\u0438\u0435\u043d\u0442\u043e\u0432, \u043f\u0435\u0440\u0435\u0433\u043e\u0432\u043e\u0440\u044b \u043e \u0446\u0435\u043d\u0430\u0445, \u043f\u0440\u043e\u0432\u0435\u0440\u043a\u0430 \u0434\u043e\u0433\u043e\u0432\u043e\u0440\u0430 \u043f\u0435\u0440\u0435\u0434 \u043f\u043e\u0434\u043f\u0438\u0441\u0430\u043d\u0438\u0435\u043c) \u0438 \u0442. \u0434.<\/p><\/li><\/ul><p class=\"font_8 wixui-rich-text__text\"><span class=\"wixui-rich-text__text\"><span class=\"wixGuard wixui-rich-text__text\">\u200b<\/span><\/span><\/p><p class=\"font_8 wixui-rich-text__text\">\u041c\u044b \u0443\u0436\u0435 \u0438\u043c\u0435\u0435\u043c \u043e\u043f\u044b\u0442 \u0432 \u0441\u043b\u0435\u0434\u0443\u044e\u0449\u0438\u0445 \u043e\u0431\u043b\u0430\u0441\u0442\u044f\u0445, \u043d\u043e \u0432\u0441\u0435\u0433\u0434\u0430 \u0433\u043e\u0442\u043e\u0432\u044b \u043a \u043d\u043e\u0432\u044b\u043c \u0432\u044b\u0437\u043e\u0432\u0430\u043c:<\/p><ul class=\"font_8 wixui-rich-text__text\"><li class=\"wixui-rich-text__text\"><p class=\"font_8 wixui-rich-text__text\">\u043f\u0440\u043e\u0434\u0443\u043a\u0442\u044b \u043f\u0438\u0442\u0430\u043d\u0438\u044f<\/p><\/li><li class=\"wixui-rich-text__text\"><p class=\"font_8 wixui-rich-text__text\">\u044d\u043d\u0435\u0440\u0433\u0438\u044f<\/p><\/li><li class=\"wixui-rich-text__text\"><p class=\"font_8 wixui-rich-text__text\">\u0441\u0435\u043b\u044c\u0441\u043a\u043e\u0445\u043e\u0437\u044f\u0439\u0441\u0442\u0432\u0435\u043d\u043d\u044b\u0435 \u043f\u0440\u043e\u0434\u0443\u043a\u0442\u044b (\u043d\u0430\u043f\u0440\u0438\u043c\u0435\u0440, \u043c\u043e\u0447\u0435\u0432\u0438\u043d\u0430)<\/p><\/li><li class=\"wixui-rich-text__text\"><p class=\"font_8 wixui-rich-text__text\">\u0434\u0435\u0440\u0435\u0432\u043e (\u0444\u0430\u043d\u0435\u0440\u0430, \u0431\u0440\u0443\u0441, OSB)<\/p><\/li><li class=\"wixui-rich-text__text\"><p class=\"font_8 wixui-rich-text__text\">\u0441\u0442\u0440\u043e\u0438\u0442\u0435\u043b\u044c\u0441\u0442\u0432\u043e \u0438 \u043d\u0435\u0434\u0432\u0438\u0436\u0438\u043c\u043e\u0441\u0442\u044c<\/p><\/li><li class=\"wixui-rich-text__text\"><p class=\"font_8 wixui-rich-text__text\">\u0434\u0435\u0439\u0441\u0442\u0432\u0443\u044e\u0449\u0438\u0435 \u043f\u0440\u0435\u0434\u043f\u0440\u0438\u044f\u0442\u0438\u044f (\u0433\u043e\u0441\u0442\u0438\u043d\u0438\u0446\u044b, \u043a\u0430\u0437\u0438\u043d\u043e, \u043a\u043e\u0440\u0430\u0431\u043b\u0438)<\/p><\/li><\/ul><p class=\"font_8 wixui-rich-text__text\"><span class=\"wixui-rich-text__text\"><span class=\"wixGuard wixui-rich-text__text\">\u200b<\/span><\/span><\/p><p class=\"font_8 wixui-rich-text__text\"><span class=\"wixui-rich-text__text\">\u0426\u0435\u043d\u044b:<\/span><\/p><ul class=\"font_8 wixui-rich-text__text\"><li class=\"wixui-rich-text__text\"><p class=\"font_8 wixui-rich-text__text\"><span class=\"wixui-rich-text__text\">\u0441\u043e\u0441\u0442\u0430\u0432\u043b\u0435\u043d\u0438\u0435 \u0431\u0430\u0437 \u0434\u0430\u043d\u043d\u044b\u0445 \u043e\u043f\u043b\u0430\u0447\u0438\u0432\u0430\u0435\u0442\u0441\u044f \u043f\u043e\u0447\u0430\u0441\u043e\u0432\u043e \u0438 \u0437\u0430\u0432\u0438\u0441\u0438\u0442 \u043e\u0442 \u0432\u0430\u0448\u0438\u0445 \u043f\u043e\u0442\u0440\u0435\u0431\u043d\u043e\u0441\u0442\u0435\u0439. \u0414\u043b\u044f \u043f\u043e\u043b\u0443\u0447\u0435\u043d\u0438\u044f \u0434\u043e\u043f\u043e\u043b\u043d\u0438\u0442\u0435\u043b\u044c\u043d\u043e\u0439 \u0438\u043d\u0444\u043e\u0440\u043c\u0430\u0446\u0438\u0438, \u043f\u043e\u0436\u0430\u043b\u0443\u0439\u0441\u0442\u0430\u00a0<a class=\"wixui-rich-text__text\" href=\"https:\/\/okservices.ee\/ru\/vorgustiku-loomine\/#votauhendust\" target=\"_self\" data-anchor=\"SCROLL_TO_BOTTOM\">\u0441\u0432\u044f\u0436\u0438\u0442\u0435\u0441\u044c \u0441 \u043d\u0430\u043c\u0438<\/a><\/span><\/p><\/li><li class=\"wixui-rich-text__text\"><p class=\"font_8 wixui-rich-text__text\"><span class=\"wixui-rich-text__text\">\u0423\u0441\u043b\u0443\u0433\u0438 \u043c\u0435\u043d\u0435\u0434\u0436\u0435\u0440\u0430 \u043f\u043e \u043f\u0440\u043e\u0434\u0430\u0436\u0430\u043c \/ \u0437\u0430\u043a\u0443\u043f\u043a\u0430\u043c \u043e\u0431\u044b\u0447\u043d\u043e \u043e\u043f\u043b\u0430\u0447\u0438\u0432\u0430\u044e\u0442\u0441\u044f \u043d\u0430 \u043e\u0441\u043d\u043e\u0432\u0435 \u043a\u043e\u043c\u0438\u0441\u0441\u0438\u0438, \u0442\u043e\u0447\u043d\u0430\u044f \u0441\u0443\u043c\u043c\u0430 \u0437\u0430\u0432\u0438\u0441\u0438\u0442 \u043e\u0442 \u043a\u0430\u0436\u0434\u043e\u0433\u043e \u043a\u043e\u043d\u043a\u0440\u0435\u0442\u043d\u043e\u0433\u043e \u0441\u043b\u0443\u0447\u0430\u044f. \u0414\u043b\u044f \u043f\u043e\u043b\u0443\u0447\u0435\u043d\u0438\u044f \u0434\u043e\u043f\u043e\u043b\u043d\u0438\u0442\u0435\u043b\u044c\u043d\u043e\u0439 \u0438\u043d\u0444\u043e\u0440\u043c\u0430\u0446\u0438\u0438, \u043f\u043e\u0436\u0430\u043b\u0443\u0439\u0441\u0442\u0430\u00a0<a class=\"wixui-rich-text__text\" href=\"https:\/\/okservices.ee\/ru\/vorgustiku-loomine\/#votauhendust\" target=\"_self\" data-anchor=\"SCROLL_TO_BOTTOM\">\u0441\u0432\u044f\u0436\u0438\u0442\u0435\u0441\u044c \u0441 \u043d\u0430\u043c\u0438<\/a><\/span><\/p><\/li><\/ul>\t\t\t\t\t\t\t\t<\/div>\n\t\t\t\t<\/div>\n\t\t\t\t<div class=\"elementor-element elementor-element-7b40cbcf elementor-widget elementor-widget-spacer\" data-id=\"7b40cbcf\" data-element_type=\"widget\" data-e-type=\"widget\" data-widget_type=\"spacer.default\">\n\t\t\t\t<div class=\"elementor-widget-container\">\n\t\t\t\t\t\t\t<div class=\"elementor-spacer\">\n\t\t\t<div class=\"elementor-spacer-inner\"><\/div>\n\t\t<\/div>\n\t\t\t\t\t\t<\/div>\n\t\t\t\t<\/div>\n\t\t\t\t\t<\/div>\n\t\t<\/div>\n\t\t\t\t\t<\/div>\n\t\t<\/section>\n\t\t\t\t<\/div>","protected":false},"excerpt":{"rendered":"<p>V\u00f5rgustiku loomine Pakume j\u00e4rgnevaid\u00a0v\u00f5rgustiku\u00a0loomise teenuseid:\u00a0 potentsiaalsete tarnijate ja klientide andmebaasid ostujuhi teenus (nt uute tarnijate leidmine, hinnal\u00e4bir\u00e4\u00e4kimised, lepingu kontrollimine enne allkirjastamist) jne m\u00fc\u00fcgijuhi teenus (nt uute klientide leidmine, hinnal\u00e4bir\u00e4\u00e4kimised, lepingu kontrollimine enne allkirjastamist) jne \u200b Omame kogemusi j\u00e4rgmistes valdkondades, kuid oleme alati valmis ka uuteks v\u00e4ljakutseteks: toiduained energia p\u00f5llumajandustooted (nt uurea jne) puit (vineer, OSB [&hellip;]<\/p>\n","protected":false},"author":1,"featured_media":0,"parent":0,"menu_order":0,"comment_status":"closed","ping_status":"closed","template":"elementor_header_footer","meta":{"footnotes":""},"class_list":["post-138","page","type-page","status-publish","hentry"],"_links":{"self":[{"href":"https:\/\/okservices.ee\/ru\/wp-json\/wp\/v2\/pages\/138","targetHints":{"allow":["GET"]}}],"collection":[{"href":"https:\/\/okservices.ee\/ru\/wp-json\/wp\/v2\/pages"}],"about":[{"href":"https:\/\/okservices.ee\/ru\/wp-json\/wp\/v2\/types\/page"}],"author":[{"embeddable":true,"href":"https:\/\/okservices.ee\/ru\/wp-json\/wp\/v2\/users\/1"}],"replies":[{"embeddable":true,"href":"https:\/\/okservices.ee\/ru\/wp-json\/wp\/v2\/comments?post=138"}],"version-history":[{"count":0,"href":"https:\/\/okservices.ee\/ru\/wp-json\/wp\/v2\/pages\/138\/revisions"}],"wp:attachment":[{"href":"https:\/\/okservices.ee\/ru\/wp-json\/wp\/v2\/media?parent=138"}],"curies":[{"name":"wp","href":"https:\/\/api.w.org\/{rel}","templated":true}]}}