{"id":142,"date":"2024-05-22T11:38:38","date_gmt":"2024-05-22T08:38:38","guid":{"rendered":"https:\/\/okservices.ee\/?page_id=142"},"modified":"2024-12-21T12:56:50","modified_gmt":"2024-12-21T10:56:50","slug":"e-residentsus","status":"publish","type":"page","link":"https:\/\/okservices.ee\/ru\/e-residentsus\/","title":{"rendered":"\u042d-\u0440\u0435\u0437\u0438\u0434\u0435\u043d\u0442\u0441\u0442\u0432\u043e"},"content":{"rendered":"<div data-elementor-type=\"wp-page\" data-elementor-id=\"142\" class=\"elementor elementor-142\" data-elementor-post-type=\"page\">\n\t\t\t\t\t\t<section class=\"elementor-section elementor-top-section elementor-element elementor-element-12712638 elementor-section-height-min-height elementor-section-boxed elementor-section-height-default elementor-section-items-middle\" data-id=\"12712638\" data-element_type=\"section\" data-e-type=\"section\" data-settings=\"{&quot;background_background&quot;:&quot;classic&quot;}\">\n\t\t\t\t\t\t<div class=\"elementor-container elementor-column-gap-default\">\n\t\t\t\t\t<div class=\"elementor-column elementor-col-100 elementor-top-column elementor-element elementor-element-24f6d622\" data-id=\"24f6d622\" data-element_type=\"column\" data-e-type=\"column\">\n\t\t\t<div class=\"elementor-widget-wrap\">\n\t\t\t\t\t\t\t<\/div>\n\t\t<\/div>\n\t\t\t\t\t<\/div>\n\t\t<\/section>\n\t\t\t\t<section class=\"elementor-section elementor-top-section elementor-element elementor-element-6007541d elementor-section-boxed elementor-section-height-default elementor-section-height-default\" data-id=\"6007541d\" data-element_type=\"section\" data-e-type=\"section\" data-settings=\"{&quot;background_background&quot;:&quot;classic&quot;}\">\n\t\t\t\t\t\t<div class=\"elementor-container elementor-column-gap-default\">\n\t\t\t\t\t<div class=\"elementor-column elementor-col-33 elementor-top-column elementor-element elementor-element-3292c6a3\" data-id=\"3292c6a3\" data-element_type=\"column\" data-e-type=\"column\">\n\t\t\t<div class=\"elementor-widget-wrap\">\n\t\t\t\t\t\t\t<\/div>\n\t\t<\/div>\n\t\t\t\t<div class=\"elementor-column elementor-col-33 elementor-top-column elementor-element elementor-element-17af3abc elementor-invisible\" data-id=\"17af3abc\" data-element_type=\"column\" data-e-type=\"column\" data-settings=\"{&quot;background_background&quot;:&quot;classic&quot;,&quot;animation&quot;:&quot;slideInLeft&quot;}\">\n\t\t\t<div class=\"elementor-widget-wrap elementor-element-populated\">\n\t\t\t\t\t\t<div class=\"elementor-element elementor-element-f5744f elementor-widget elementor-widget-heading\" data-id=\"f5744f\" data-element_type=\"widget\" data-e-type=\"widget\" data-widget_type=\"heading.default\">\n\t\t\t\t<div class=\"elementor-widget-container\">\n\t\t\t\t\t<h2 class=\"elementor-heading-title elementor-size-default\">\u042d-\u0440\u0435\u0437\u0438\u0434\u0435\u043d\u0442\u0441\u0442\u0432\u043e<\/h2>\t\t\t\t<\/div>\n\t\t\t\t<\/div>\n\t\t\t\t\t<\/div>\n\t\t<\/div>\n\t\t\t\t<div class=\"elementor-column elementor-col-33 elementor-top-column elementor-element elementor-element-69639b7d\" data-id=\"69639b7d\" data-element_type=\"column\" data-e-type=\"column\">\n\t\t\t<div class=\"elementor-widget-wrap\">\n\t\t\t\t\t\t\t<\/div>\n\t\t<\/div>\n\t\t\t\t\t<\/div>\n\t\t<\/section>\n\t\t\t\t<section class=\"elementor-section elementor-top-section elementor-element elementor-element-5f80b1af elementor-section-boxed elementor-section-height-default elementor-section-height-default\" data-id=\"5f80b1af\" data-element_type=\"section\" data-e-type=\"section\">\n\t\t\t\t\t\t<div class=\"elementor-container elementor-column-gap-default\">\n\t\t\t\t\t<div class=\"elementor-column elementor-col-50 elementor-top-column elementor-element elementor-element-28395537\" data-id=\"28395537\" data-element_type=\"column\" data-e-type=\"column\">\n\t\t\t<div class=\"elementor-widget-wrap elementor-element-populated\">\n\t\t\t\t\t\t<div class=\"elementor-element elementor-element-34474447 elementor-widget-divider--view-line elementor-widget elementor-widget-divider\" data-id=\"34474447\" data-element_type=\"widget\" data-e-type=\"widget\" data-widget_type=\"divider.default\">\n\t\t\t\t<div class=\"elementor-widget-container\">\n\t\t\t\t\t\t\t<div class=\"elementor-divider\">\n\t\t\t<span class=\"elementor-divider-separator\">\n\t\t\t\t\t\t<\/span>\n\t\t<\/div>\n\t\t\t\t\t\t<\/div>\n\t\t\t\t<\/div>\n\t\t\t\t\t<\/div>\n\t\t<\/div>\n\t\t\t\t<div class=\"elementor-column elementor-col-50 elementor-top-column elementor-element elementor-element-56d3626b\" data-id=\"56d3626b\" data-element_type=\"column\" data-e-type=\"column\">\n\t\t\t<div class=\"elementor-widget-wrap elementor-element-populated\">\n\t\t\t\t\t\t<div class=\"elementor-element elementor-element-3fe44dce elementor-widget__width-initial elementor-widget elementor-widget-text-editor\" data-id=\"3fe44dce\" data-element_type=\"widget\" data-e-type=\"widget\" data-widget_type=\"text-editor.default\">\n\t\t\t\t<div class=\"elementor-widget-container\">\n\t\t\t\t\t\t\t\t\t<div class=\"\" data-mesh-id=\"comp-j8307lxbinlineContent\" data-testid=\"inline-content\"><div data-mesh-id=\"comp-j8307lxbinlineContent-gridContainer\" data-testid=\"mesh-container-content\"><div id=\"comp-j83083h6\" class=\"KaEeLN comp-j83083h6\"><div class=\"\" data-mesh-id=\"comp-j83083h6inlineContent\" data-testid=\"inline-content\"><div data-mesh-id=\"comp-j83083h6inlineContent-gridContainer\" data-testid=\"mesh-container-content\"><div id=\"comp-j83083hx\" class=\"KaEeLN comp-j83083hx\" data-motion-enter=\"done\"><div class=\"\" data-mesh-id=\"comp-j83083hxinlineContent\" data-testid=\"inline-content\"><div data-mesh-id=\"comp-j83083hxinlineContent-gridContainer\" data-testid=\"mesh-container-content\"><div id=\"comp-j83083i0\" class=\"HcOXKn c9GqVL QxJLC3 comp-j83083i0 wixui-rich-text\" data-testid=\"richTextElement\">\u041c\u044b \u043c\u043e\u0436\u0435\u043c \u043f\u043e<span class=\"wixui-rich-text__text\">\u043c\u043e\u0447\u044c \u0432\u0430\u043c \u0441 \u043f\u043e\u0434\u0430\u0447\u0435\u0439 \u0444\u043e\u0440\u043c\u044b \u044d-\u0440\u0435\u0437\u0438\u0434\u0435\u043d\u0442\u0441\u0442\u0432\u0430, \u043f\u0440\u043e\u043a\u043e\u043d\u0441\u0443\u043b\u044c\u0442\u0438\u0440\u0443\u0435\u043c \u043f\u043e \u0432\u043e\u043f\u0440\u043e\u0441\u0430\u043c \u044d-\u0440\u0435\u0437\u0438\u0434\u0435\u043d\u0442\u0441\u0442\u0432\u0430 \u0438 \u0432\u043e\u0437\u043c\u043e\u0436\u043d\u043e\u0441\u0442\u044f\u043c \u0432\u0435\u0434\u0435\u043d\u0438\u044f \u0431\u0438\u0437\u043d\u0435\u0441\u0430 \u0432 \u042d\u0441\u0442\u043e\u043d\u0438\u0438. \u041d\u0430\u0448\u0438 \u0446\u0435\u043d\u044b \u043c\u043e\u0436\u043d\u043e \u043f\u043e\u0441\u043c\u043e\u0442\u0440\u0435\u0442\u044c <a class=\"wixui-rich-text__text\" href=\"https:\/\/okservices.ee\/ru\/hinnakiri-2\/\" target=\"_self\">\u0437\u0434\u0435\u0441\u044c<\/a>.<\/span><\/div><div data-testid=\"richTextElement\">\u00a0<\/div><div class=\"HcOXKn c9GqVL QxJLC3 comp-j83083i0 wixui-rich-text\" data-testid=\"richTextElement\"><span class=\"wixui-rich-text__text\"><span class=\"wixGuard wixui-rich-text__text\">\u200b<\/span><\/span>\u041f\u043e\u0447\u0435\u043c\u0443 \u044d-\u0440\u0435\u0437\u0438\u0434\u0435\u043d\u0442\u0441\u0442\u0432\u043e \u0438 \u043f\u043e\u0447\u0435\u043c\u0443 \u042d\u0441\u0442\u043e\u043d\u0438\u044f?\u00a0<span class=\"wixui-rich-text__text\">\u0421\u0430\u043c\u044b\u043c \u0431\u043e\u043b\u044c\u0448\u0438\u043c \u043f\u0440\u0435\u0438\u043c\u0443\u0449\u0435\u0441\u0442\u0432\u043e\u043c \u043a\u043e\u043c\u043f\u0430\u043d\u0438\u0438 \u0432 \u042d\u0441\u0442\u043e\u043d\u0438\u0438 \u044f\u0432\u043b\u044f\u0435\u0442\u0441\u044f \u043d\u0430\u043b\u043e\u0433\u043e\u043e\u0431\u043b\u043e\u0436\u0435\u043d\u0438\u0435<\/span><span class=\"wixui-rich-text__text\"> \u041d\u0430\u043b\u043e\u0433 \u043d\u0430 \u043f\u0440\u0438\u0431\u044b\u043b\u044c \u043e\u0442\u0441\u0443\u0442\u0441\u0442\u0432\u0443\u0435\u0442. \u041d\u0430\u043b\u043e\u0433 \u043d\u0430 \u043f\u0440\u0438\u0431\u044b\u043b\u044c \u0443\u043f\u043b\u0430\u0447\u0438\u0432\u0430\u0435\u0442\u0441\u044f \u0442\u043e\u043b\u044c\u043a\u043e \u0432 \u0442\u043e\u043c \u0441\u043b\u0443\u0447\u0430\u0435, \u0435\u0441\u043b\u0438 \u043f\u0440\u0438\u0431\u044b\u043b\u044c \u0440\u0430\u0441\u043f\u0440\u0435\u0434\u0435\u043b\u044f\u0435\u0442\u0441\u044f (\u0434\u043b\u044f \u0440\u0430\u0441\u0447\u0435\u0442\u0430 \u043d\u0430\u043b\u043e\u0433\u043e\u0432 \u0441\u043c<\/span><span class=\"wixui-rich-text__text\"> <a class=\"wixui-rich-text__text\" href=\"https:\/\/okservices.ee\/ru\/ettevotlus-kalkulaator\/\" target=\"_blank\" rel=\"noreferrer noopener\">\u043a\u0430\u043b\u044c\u043a\u0443\u043b\u044f\u0442\u043e\u0440<\/a><\/span><span class=\"wixui-rich-text__text\">). \u041e\u0431\u0440\u0430\u0442\u0438\u0442\u0435 \u0432\u043d\u0438\u043c\u0430\u043d\u0438\u0435, \u0447\u0442\u043e \u043e\u0431\u044f\u0437\u0430\u043d\u043d\u043e\u0441\u0442\u044c \u043f\u043e\u0434\u043e\u0445\u043e\u0434\u043d\u043e\u0433\u043e \u043d\u0430\u043b\u043e\u0433\u0430 \u043c\u043e\u0436\u0435\u0442 \u0432\u043e\u0437\u043d\u0438\u043a\u043d\u0443\u0442\u044c \u0432 \u0434\u0440\u0443\u0433\u043e\u0439 \u0441\u0442\u0440\u0430\u043d\u0435, \u0435\u0441\u043b\u0438 \u0432\u0430\u0448 \u0431\u0438\u0437\u043d\u0435\u0441 \u0441\u043e\u043e\u0442\u0432\u0435\u0442\u0441\u0442\u0432\u0443\u0435\u0442 \u043a\u0440\u0438\u0442\u0435\u0440\u0438\u044f\u043c \u043f\u043e\u0441\u0442\u043e\u044f\u043d\u043d\u043e\u0439 \u043c\u0435\u0441\u0442\u0443 \u0434\u0435\u044f\u0442\u0435\u043b\u044c\u043d\u043e\u0441\u0442\u0438\u00a0 <\/span><span class=\"wixui-rich-text__text\">.<\/span><span class=\"wixui-rich-text__text\">\u00a0\u041f\u043e\u0434\u043e\u0445\u043e\u0434\u043d\u044b\u0439 \u043d\u0430\u043b\u043e\u0433 \u043d\u0435 \u0431\u0443\u0434\u0435\u0442 \u0443\u043f\u043b\u0430\u0447\u0438\u0432\u0430\u0442\u044c\u0441\u044f \u0432 \u0434\u0432\u043e\u0439\u043d\u043e\u043c \u0440\u0430\u0437\u043c\u0435\u0440\u0435, \u0442\u0430\u043a \u043a\u0430\u043a \u042d\u0441\u0442\u043e\u043d\u0438\u044f \u0438\u043c\u0435\u0435\u0442 \u0441\u043e\u0433\u043b\u0430\u0448\u0435\u043d\u0438\u044f \u043e\u0431 \u0438\u0437\u0431\u0435\u0436\u0430\u043d\u0438\u0438 \u0434\u0432\u043e\u0439\u043d\u043e\u0433\u043e \u043d\u0430\u043b\u043e\u0433\u043e\u043e\u0431\u043b\u043e\u0436\u0435\u043d\u0438\u044f \u0441 \u0431\u043e\u043b\u044c\u0448\u0438\u043d\u0441\u0442\u0432\u043e\u043c \u0441\u0442\u0440\u0430\u043d. \u00a0<\/span><span class=\"wixui-rich-text__text\">\u0415\u0449\u0435 \u043e\u0434\u043d\u0438\u043c \u043f\u0440\u0435\u0438\u043c\u0443\u0449\u0435\u0441\u0442\u0432\u043e\u043c \u044f\u0432\u043b\u044f\u0435\u0442\u0441\u044f \u043e\u043d\u043b\u0430\u0439\u043d-\u0441\u0440\u0435\u0434\u0430, <\/span><span class=\"wixui-rich-text__text\">\u043a\u043e\u0442\u043e\u0440\u0430\u044f<\/span><span class=\"wixui-rich-text__text\">\u00a0\u044d\u043a\u043e\u043d\u043e\u043c\u0438\u0442 \u043c\u043d\u043e\u0433\u043e \u0432\u0440\u0435\u043c\u0435\u043d\u0438.<br \/><\/span><span class=\"wixui-rich-text__text\">\u041e\u0434\u043d\u0438\u043c \u0438\u0437 \u0441\u0430\u043c\u044b\u0445 \u0431\u043e\u043b\u044c\u0448\u0438\u0445 \u043d\u0435\u0434\u043e\u0441\u0442\u0430\u0442\u043a\u043e\u0432 \u043c\u043e\u0436\u0435\u0442 \u0431\u044b\u0442\u044c \u043d\u0435\u0432\u043e\u0437\u043c\u043e\u0436\u043d\u043e\u0441\u0442\u044c \u043e\u0442\u043a\u0440\u044b\u0442\u044c \u0441\u0447\u0435\u0442 \u0432 \u043c\u0435\u0441\u0442\u043d\u043e\u043c \u0431\u0430\u043d\u043a\u0435 (\u0435\u0441\u043b\u0438 \u0442\u043e\u043b\u044c\u043a\u043e \u0432\u0430\u0448 \u0431\u0438\u0437\u043d\u0435\u0441 \u043d\u0435 \u0441\u0432\u044f\u0437\u0430\u043d \u0441 \u042d\u0441\u0442\u043e\u043d\u0438\u0435\u0439, \u0442.\u0435. \u043d\u0435 \u0438\u043c\u0435\u0435\u0442 \u043c\u0435\u0441\u0442\u043d\u043e\u0433\u043e \u043e\u0444\u0438\u0441\u0430, \u0441\u043e\u0442\u0440\u0443\u0434\u043d\u0438\u043a\u043e\u0432, \u043e\u043f\u0435\u0440\u0430\u0446\u0438\u0439 \u043f\u043e \u043f\u0440\u043e\u0434\u0430\u0436\u0435 \u0438 \u0442.\u0434.).<\/span><\/div><div data-testid=\"richTextElement\">\u00a0<\/div><div class=\"HcOXKn c9GqVL QxJLC3 comp-j83083i0 wixui-rich-text\" data-testid=\"richTextElement\"><span class=\"wixui-rich-text__text\"><span class=\"wixGuard wixui-rich-text__text\">\u200b<\/span><\/span>\u041d\u0435\u043e\u0431\u0445\u043e\u0434\u0438\u043c\u044b\u0435 \u0434\u043e\u043a\u0443\u043c\u0435\u043d\u0442\u044b\n\u0434\u043b\u044f \u044d\u0442\u043e\u0433\u043e, \u0447\u0442\u043e\u0431\u044b \u0441\u0442\u0430\u0442\u044c \u044d\u043b\u0435\u043a\u0442\u0440\u043e\u043d\u043d\u044b\u043c \u0440\u0435\u0437\u0438\u0434\u0435\u043d\u0442\u043e\u043c \u0432\u0430\u043c \u043f\u043e\u0442\u0440\u0435\u0431\u0443\u0435\u0442\u0441\u044f:<\/div><\/div><\/div><\/div><\/div><\/div><\/div><div id=\"comp-j83083h8\" class=\"HcOXKn c9GqVL QxJLC3 comp-j83083h8 wixui-rich-text\" data-testid=\"richTextElement\"><ul class=\"font_8 wixui-rich-text__text\"><li class=\"wixui-rich-text__text\">\u041a\u043e\u043f\u0438\u044f \u0432\u0430\u0448\u0435\u0433\u043e \u0443\u0434\u043e\u0441\u0442\u043e\u0432\u0435\u0440\u0435\u043d\u0438\u044f \u043b\u0438\u0447\u043d\u043e\u0441\u0442\u0438 \u0433\u043e\u0441\u0443\u0434\u0430\u0440\u0441\u0442\u0432\u0435\u043d\u043d\u043e\u0433\u043e \u043e\u0431\u0440\u0430\u0437\u0446\u0430<\/li><li class=\"wixui-rich-text__text\">\u0426\u0438\u0444\u0440\u043e\u0432\u0430\u044f \u0444\u043e\u0442\u043e\u0433\u0440\u0430\u0444\u0438\u044f \u043f\u0430\u0441\u043f\u043e\u0440\u0442\u043d\u043e\u0433\u043e \u0442\u0438\u043f\u0430<\/li><li class=\"wixui-rich-text__text\">\u0417\u0430\u044f\u0432\u043b\u0435\u043d\u0438\u0435 \u043e \u043c\u043e\u0442\u0438\u0432\u0430\u0446\u0438\u0438<\/li><\/ul><p><span class=\"wixGuard wixui-rich-text__text\">\u200b<\/span>\u0421\u0431\u043e\u0440\u044b<\/p><p>\u041e\u043f\u043b\u0430\u0442\u0438\u0442\u0435 \u0433\u043e\u0441\u0443\u0434\u0430\u0440\u0441\u0442\u0432\u0435\u043d\u043d\u0443\u044e \u043f\u043e\u0448\u043b\u0438\u043d\u0443 \u0438 \u043f\u043e\u043b\u0443\u0447\u0438\u0442\u0435 \u044d\u043b\u0435\u043a\u0442\u0440\u043e\u043d\u043d\u043e\u0435 \u043f\u0438\u0441\u044c\u043c\u043e \u0441 \u043f\u043e\u0434\u0442\u0432\u0435\u0440\u0436\u0434\u0435\u043d\u0438\u0435\u043c \u043f\u043e\u0441\u043b\u0435 \u0443\u0441\u043f\u0435\u0448\u043d\u043e\u0439 \u043e\u0442\u043f\u0440\u0430\u0432\u043a\u0438.\n\n\u0413\u043e\u0441\u043f\u043e\u0448\u043b\u0438\u043d\u0430 \u20ac100 (\u0441\u0430\u043c\u043e\u0432\u044b\u0432\u043e\u0437 \u0432 \u042d\u0441\u0442\u043e\u043d\u0438\u0438) \u0438\u043b\u0438 \u20ac120 (\u043f\u043e\u043b\u0443\u0447\u0438\u0442\u044c \u0437\u0430\u0433\u0440\u0430\u043d\u0438\u0446\u0435\u0439).<\/p><p>\u0421 \u0446\u0435\u043d\u0430\u043c\u0438 \u043d\u0430 \u043d\u0430\u0448\u0438 \u0443\u0441\u043b\u0443\u0433\u0438 \u043c\u043e\u0436\u043d\u043e \u043e\u0437\u043d\u0430\u043a\u043e\u043c\u0438\u0442\u044c\u0441\u044f <span class=\"wixui-rich-text__text\"><a class=\"wixui-rich-text__text\" href=\"https:\/\/okservices.ee\/ru\/hinnakiri-2\/\" target=\"_self\">\u0437\u0434\u0435\u0441\u044c<\/a><\/span>.<span class=\"wixGuard wixui-rich-text__text\">\u200b<\/span><\/p><p>\u0414\u0435\u043f\u0430\u0440\u0442\u0430\u043c\u0435\u043d\u0442 \u043f\u043e\u043b\u0438\u0446\u0438\u0438 \u0438 \u043f\u043e\u0433\u0440\u0430\u043d\u043e\u0445\u0440\u0430\u043d\u044b \u042d\u0441\u0442\u043e\u043d\u0438\u0438 \u043f\u0440\u043e\u0432\u043e\u0434\u0438\u0442 \u043f\u0440\u043e\u0432\u0435\u0440\u043a\u0443 \u0431\u0438\u043e\u0433\u0440\u0430\u0444\u0438\u0447\u0435\u0441\u043a\u0438\u0445 \u0434\u0430\u043d\u043d\u044b\u0445 \u0438 \u0443\u0432\u0435\u0434\u043e\u043c\u0438\u0442 \u0432\u0430\u0441 \u043f\u043e \u044d\u043b\u0435\u043a\u0442\u0440\u043e\u043d\u043d\u043e\u0439 \u043f\u043e\u0447\u0442\u0435, \u043a\u043e\u0433\u0434\u0430 \u043f\u0440\u043e\u0446\u0435\u0441\u0441 \u0431\u0443\u0434\u0435\u0442 \u0437\u0430\u0432\u0435\u0440\u0448\u0435\u043d. \u041f\u0440\u043e\u0446\u0435\u0441\u0441 \u0437\u0430\u043d\u0438\u043c\u0430\u0435\u0442 3-8 \u043d\u0435\u0434\u0435\u043b\u044c.<span class=\"wixGuard wixui-rich-text__text\">\u200b<\/span>\u0412 \u0441\u043b\u0443\u0447\u0430\u0435 \u043f\u0440\u0435\u0434\u043e\u0441\u0442\u0430\u0432\u043b\u0435\u043d\u0438\u044f \u044d\u043b\u0435\u043a\u0442\u0440\u043e\u043d\u043d\u043e\u0433\u043e \u0440\u0435\u0437\u0438\u0434\u0435\u043d\u0442\u0441\u0442\u0432\u0430 \u0432\u0430\u043c \u0431\u0443\u0434\u0435\u0442 \u043f\u0440\u0435\u0434\u043b\u043e\u0436\u0435\u043d\u043e:<\/p><ul class=\"font_8 wixui-rich-text__text\"><li class=\"wixui-rich-text__text\">\u0441\u043e\u0431\u0440\u0430\u0442\u044c \u043a\u043e\u043c\u043f\u043b\u0435\u043a\u0442 \u044d-\u0440\u0435\u0437\u0438\u0434\u0435\u043d\u0442\u0441\u0442\u0432\u0430 \u0432 \u043c\u0435\u0441\u0442\u0435, \u0443\u043a\u0430\u0437\u0430\u043d\u043d\u043e\u043c \u0432 \u0432\u0430\u0448\u0435\u043c \u0437\u0430\u044f\u0432\u043b\u0435\u043d\u0438\u0438,<\/li><li class=\"wixui-rich-text__text\">\u043f\u0440\u0435\u0434\u043e\u0441\u0442\u0430\u0438\u0432\u0442\u044c \u0443\u0434\u043e\u0441\u0442\u043e\u0432\u0435\u0440\u0435\u043d\u0438\u0435 \u043b\u0438\u0447\u043d\u043e\u0441\u0442\u0438 \u0433\u043e\u0441\u0443\u0434\u0430\u0440\u0441\u0442\u0432\u0435\u043d\u043d\u043e\u0433\u043e \u043e\u0431\u0440\u0430\u0437\u0446\u0430, \u043f\u0440\u0435\u0434\u0441\u0442\u0430\u0432\u043b\u0435\u043d\u043d\u043e\u0435 \u0432\u043c\u0435\u0441\u0442\u0435 \u0441 \u0437\u0430\u044f\u0432\u043b\u0435\u043d\u0438\u0435\u043c,<\/li><li class=\"wixui-rich-text__text\">\u043e\u0442\u043f\u0440\u0430\u0432\u0438\u0442\u044c \u043e\u0442\u043f\u0435\u0447\u0430\u0442\u043a\u0438 \u043f\u0430\u043b\u044c\u0446\u0435\u0432.<\/li><\/ul><p><span class=\"wixGuard wixui-rich-text__text\"><br \/>\u200b<\/span>\u0417\u0430\u044f\u0432\u043b\u0435\u043d\u0438\u0435<\/p><p>\u0414\u043b\u044f \u043f\u043e\u0434\u0430\u0447\u0438 \u0437\u0430\u044f\u0432\u043b\u0435\u043d\u0438\u044f \u043f\u0440\u043e\u0439\u0434\u0438\u0442\u0435 \u043f\u043e <span class=\"wixui-rich-text__text\"><a class=\"wixui-rich-text__text\" href=\"https:\/\/eresident.politsei.ee\/?promo-code=1914128606.1620025892\" target=\"_blank\" rel=\"noreferrer noopener\">\u0441\u0441\u044b\u043b\u043a\u0435<\/a><\/span>\u0415\u0441\u043b\u0438 \u0432\u044b \u0445\u043e\u0442\u0438\u0442\u0435, \u0447\u0442\u043e\u0431\u044b \u043c\u044b \u043f\u043e\u043c\u043e\u0433\u043b\u0438 \u0432\u0430\u043c \u0432 \u044d\u0442\u043e\u043c \u0432\u043e\u043f\u0440\u043e\u0441\u0435, \u043f\u043e\u0436\u0430\u043b\u0443\u0439\u0441\u0442\u0430, <span class=\"wixui-rich-text__text\"><a class=\"wixui-rich-text__text\" href=\"#votauhendust\" target=\"_self\" data-anchor=\"SCROLL_TO_BOTTOM\">\u0441\u0432\u044f\u0436\u0438\u0442\u0435\u0441\u044c \u0441 \u043d\u0430\u043c\u0438.<\/a><\/span>\u0421 \u0446\u0435\u043d\u0430\u043c\u0438 \u043d\u0430 \u0443\u0441\u043b\u0443\u0433\u0430\u043c\u0438 \u043c\u043e\u0436\u043d\u043e \u043e\u0437\u043d\u0430\u043a\u043e\u043c\u0438\u0442\u044c\u0441\u044f <span class=\"wixui-rich-text__text\"><a class=\"wixui-rich-text__text\" href=\"https:\/\/okservices.ee\/ru\/pricing\/\" target=\"_self\">\u0437\u0434\u0435\u0441\u044c<\/a><\/span>\u200b.<span class=\"wixGuard wixui-rich-text__text\">\u200b<\/span><\/p><p>\u041e\u0442\u043a\u0440\u044b\u0442\u0438\u0435 \u043a\u043e\u043c\u043f\u0430\u043d\u0438\u0438<\/p><p>\u041f\u043e\u0441\u043b\u0435 \u043f\u043e\u043b\u0443\u0447\u0435\u043d\u0438\u044f \u043a\u043e\u043c\u043f\u043b\u0435\u043a\u0442\u0430 \u044d\u043b\u0435\u043a\u0442\u0440\u043e\u043d\u043d\u043e\u0433\u043e \u0440\u0435\u0437\u0438\u0434\u0435\u043d\u0442\u0441\u0442\u0432\u0430 \u0432\u044b \u0441\u043c\u043e\u0436\u0435\u0442\u0435 \u0441\u043e\u0437\u0434\u0430\u0442\u044c \u0441\u0432\u043e\u044e \u043a\u043e\u043c\u043f\u0430\u043d\u0438\u044e. \u041c\u044b \u043f\u043e\u0434\u0433\u043e\u0442\u043e\u0432\u0438\u043b\u0438 <span class=\"wixui-rich-text__text\"><a class=\"wixui-rich-text__text\" href=\"https:\/\/okservices.ee\/ru\/e-kursused\/\" target=\"_self\">\u0432\u0438\u0434\u0435\u043e \u0438\u043d\u0441\u0442\u0440\u0443\u043a\u0446\u0438\u044e <\/a><\/span>\u043a\u0430\u043a \u043e\u0442\u043a\u0440\u044b\u0442\u044c \u043a\u043e\u043c\u043f\u0430\u043d\u0438\u044e \u043e\u043d\u043b\u0430\u0439\u043d \u0441\u0430\u043c\u043e\u0441\u0442\u043e\u044f\u0442\u0435\u043b\u044c\u043d\u043e<\/p><p>\u0414\u043b\u044f \u0431\u043e\u043b\u044c\u0448\u0435\u0439 \u0438\u043d\u0444\u043e\u0440\u043c\u0430\u0446\u0438\u0438 \u0441\u043c <span class=\"wixui-rich-text__text\"><a class=\"wixui-rich-text__text\" href=\"https:\/\/okservices.ee\/ru\/e-kursused\/\" target=\"_self\">\u0437\u0434\u0435\u0441\u044c<\/a><\/span>.\u00a0<span class=\"wixGuard wixui-rich-text__text\">\u200b<\/span>\u0415\u0441\u043b\u0438 \u0432\u044b \u0445\u043e\u0442\u0438\u0442\u0435 \u043f\u043e\u043b\u0443\u0447\u0438\u0442\u044c \u043b\u0438\u0447\u043d\u0443\u044e \u043f\u043e\u043c\u043e\u0449\u044c \u0432 \u0441\u043e\u0437\u0434\u0430\u043d\u0438\u0438 \u043a\u043e\u043c\u043f\u0430\u043d\u0438\u0438, \u043f\u043e\u0436\u0430\u043b\u0443\u0439\u0441\u0442\u0430, <span class=\"wixui-rich-text__text\"><a class=\"wixui-rich-text__text\" href=\"#votauhendust\" target=\"_self\" data-anchor=\"SCROLL_TO_BOTTOM\">\u0441\u0432\u044f\u0436\u0438\u0442\u0435\u0441\u044c \u0441 \u043d\u0430\u043c\u0438.<\/a><\/span>.<\/p><p>\u0426\u0435\u043d\u044b \u043d\u0430 \u043d\u0430\u0448\u0438 \u0443\u0441\u043b\u0443\u0433\u0438 \u043c\u043e\u0436\u043d\u043e \u043f\u043e\u0441\u043c\u043e\u0442\u0440\u0435\u0442\u044c\u00a0<span class=\"wixui-rich-text__text\"><a class=\"wixui-rich-text__text\" href=\"https:\/\/okservices.ee\/ru\/hinnakiri-2\/\" target=\"_self\">\u0437\u0434\u0435\u0441\u044c<\/a><\/span>\u200b.<\/p><\/div><\/div><\/div>\t\t\t\t\t\t\t\t<\/div>\n\t\t\t\t<\/div>\n\t\t\t\t<div class=\"elementor-element elementor-element-1b6cb19d elementor-widget elementor-widget-spacer\" data-id=\"1b6cb19d\" data-element_type=\"widget\" data-e-type=\"widget\" data-widget_type=\"spacer.default\">\n\t\t\t\t<div class=\"elementor-widget-container\">\n\t\t\t\t\t\t\t<div class=\"elementor-spacer\">\n\t\t\t<div class=\"elementor-spacer-inner\"><\/div>\n\t\t<\/div>\n\t\t\t\t\t\t<\/div>\n\t\t\t\t<\/div>\n\t\t\t\t\t<\/div>\n\t\t<\/div>\n\t\t\t\t\t<\/div>\n\t\t<\/section>\n\t\t\t\t<\/div>","protected":false},"excerpt":{"rendered":"<p>E-residentsus Me saame aidata e-residentsuse vormi esitamisel, konsulteerime e-residentsuse ja ettev\u00f5tlusv\u00f5imaluste osas Eestis. Meie hinnad on leitavad siin.\u00a0\u200bMiks e-residentsus ja miks Eesti?\u00a0Eestis ettev\u00f5tte omamise suurim eelis on maksustamine. Aastane tulumaks kasumilt puudub. Tulumaksu tasutakse ainult kasumi jaotamisel (maksusumma vt kalkulaator). Pange t\u00e4hele, et kui teie ettev\u00f5te vastab p\u00fcsiva tegevuskoha kriteeriumidele, v\u00f5ib teises riigis tekkida tulumaksukohustus. [&hellip;]<\/p>\n","protected":false},"author":1,"featured_media":0,"parent":0,"menu_order":0,"comment_status":"closed","ping_status":"closed","template":"elementor_header_footer","meta":{"footnotes":""},"class_list":["post-142","page","type-page","status-publish","hentry"],"_links":{"self":[{"href":"https:\/\/okservices.ee\/ru\/wp-json\/wp\/v2\/pages\/142","targetHints":{"allow":["GET"]}}],"collection":[{"href":"https:\/\/okservices.ee\/ru\/wp-json\/wp\/v2\/pages"}],"about":[{"href":"https:\/\/okservices.ee\/ru\/wp-json\/wp\/v2\/types\/page"}],"author":[{"embeddable":true,"href":"https:\/\/okservices.ee\/ru\/wp-json\/wp\/v2\/users\/1"}],"replies":[{"embeddable":true,"href":"https:\/\/okservices.ee\/ru\/wp-json\/wp\/v2\/comments?post=142"}],"version-history":[{"count":1,"href":"https:\/\/okservices.ee\/ru\/wp-json\/wp\/v2\/pages\/142\/revisions"}],"predecessor-version":[{"id":3205,"href":"https:\/\/okservices.ee\/ru\/wp-json\/wp\/v2\/pages\/142\/revisions\/3205"}],"wp:attachment":[{"href":"https:\/\/okservices.ee\/ru\/wp-json\/wp\/v2\/media?parent=142"}],"curies":[{"name":"wp","href":"https:\/\/api.w.org\/{rel}","templated":true}]}}